{"id":950,"date":"2020-05-10T19:55:38","date_gmt":"2020-05-10T17:55:38","guid":{"rendered":"http:\/\/geriano.sk\/?page_id=950"},"modified":"2020-05-11T22:44:58","modified_gmt":"2020-05-11T20:44:58","slug":"krizovy-plan-2","status":"publish","type":"page","link":"http:\/\/geriano.sk\/?page_id=950","title":{"rendered":"Kr\u00edzov\u00fd pl\u00e1n"},"content":{"rendered":"<a href=\"http:\/\/geriano.sk\/wp-content\/uploads\/2020\/05\/Krizov\u00fd-pl\u00e1n-opraveny-2.pdf\" class=\"pdfemb-viewer\" style=\"\" data-width=\"max\" data-height=\"max\" data-toolbar=\"bottom\" data-toolbar-fixed=\"off\">Krizov\u00fd-pl\u00e1n-opraveny-2<\/a>\n<p class=\"wp-block-pdfemb-pdf-embedder-viewer\"><\/p>\n","protected":false},"excerpt":{"rendered":"","protected":false},"author":1,"featured_media":0,"parent":0,"menu_order":0,"comment_status":"closed","ping_status":"closed","template":"","meta":{"footnotes":""},"class_list":["post-950","page","type-page","status-publish","hentry"],"_links":{"self":[{"href":"http:\/\/geriano.sk\/index.php?rest_route=\/wp\/v2\/pages\/950","targetHints":{"allow":["GET"]}}],"collection":[{"href":"http:\/\/geriano.sk\/index.php?rest_route=\/wp\/v2\/pages"}],"about":[{"href":"http:\/\/geriano.sk\/index.php?rest_route=\/wp\/v2\/types\/page"}],"author":[{"embeddable":true,"href":"http:\/\/geriano.sk\/index.php?rest_route=\/wp\/v2\/users\/1"}],"replies":[{"embeddable":true,"href":"http:\/\/geriano.sk\/index.php?rest_route=%2Fwp%2Fv2%2Fcomments&post=950"}],"version-history":[{"count":4,"href":"http:\/\/geriano.sk\/index.php?rest_route=\/wp\/v2\/pages\/950\/revisions"}],"predecessor-version":[{"id":975,"href":"http:\/\/geriano.sk\/index.php?rest_route=\/wp\/v2\/pages\/950\/revisions\/975"}],"wp:attachment":[{"href":"http:\/\/geriano.sk\/index.php?rest_route=%2Fwp%2Fv2%2Fmedia&parent=950"}],"curies":[{"name":"wp","href":"https:\/\/api.w.org\/{rel}","templated":true}]}}