{"id":948,"date":"2020-05-10T19:55:21","date_gmt":"2020-05-10T17:55:21","guid":{"rendered":"http:\/\/geriano.sk\/?page_id=948"},"modified":"2020-05-10T19:58:48","modified_gmt":"2020-05-10T17:58:48","slug":"prikazny-list-riaditela-2","status":"publish","type":"page","link":"http:\/\/geriano.sk\/?page_id=948","title":{"rendered":"Pr\u00edkazn\u00fd list riadite\u013ea"},"content":{"rendered":"<a href=\"http:\/\/geriano.sk\/wp-content\/uploads\/2020\/05\/Pr\u00edkazn\u00fd-list-riadite\u013ea.pdf\" class=\"pdfemb-viewer\" style=\"\" data-width=\"max\" data-height=\"max\" data-toolbar=\"bottom\" data-toolbar-fixed=\"off\">Pr\u00edkazn\u00fd-list-riadite\u013ea<\/a>\n<p class=\"wp-block-pdfemb-pdf-embedder-viewer\"><\/p>\n","protected":false},"excerpt":{"rendered":"","protected":false},"author":1,"featured_media":0,"parent":0,"menu_order":0,"comment_status":"closed","ping_status":"closed","template":"","meta":{"footnotes":""},"class_list":["post-948","page","type-page","status-publish","hentry"],"_links":{"self":[{"href":"http:\/\/geriano.sk\/index.php?rest_route=\/wp\/v2\/pages\/948","targetHints":{"allow":["GET"]}}],"collection":[{"href":"http:\/\/geriano.sk\/index.php?rest_route=\/wp\/v2\/pages"}],"about":[{"href":"http:\/\/geriano.sk\/index.php?rest_route=\/wp\/v2\/types\/page"}],"author":[{"embeddable":true,"href":"http:\/\/geriano.sk\/index.php?rest_route=\/wp\/v2\/users\/1"}],"replies":[{"embeddable":true,"href":"http:\/\/geriano.sk\/index.php?rest_route=%2Fwp%2Fv2%2Fcomments&post=948"}],"version-history":[{"count":2,"href":"http:\/\/geriano.sk\/index.php?rest_route=\/wp\/v2\/pages\/948\/revisions"}],"predecessor-version":[{"id":966,"href":"http:\/\/geriano.sk\/index.php?rest_route=\/wp\/v2\/pages\/948\/revisions\/966"}],"wp:attachment":[{"href":"http:\/\/geriano.sk\/index.php?rest_route=%2Fwp%2Fv2%2Fmedia&parent=948"}],"curies":[{"name":"wp","href":"https:\/\/api.w.org\/{rel}","templated":true}]}}