{"id":65,"date":"2017-12-08T22:26:28","date_gmt":"2017-12-08T21:26:28","guid":{"rendered":"http:\/\/geriano.sk\/?page_id=65"},"modified":"2026-02-05T12:39:58","modified_gmt":"2026-02-05T11:39:58","slug":"kontakt","status":"publish","type":"page","link":"http:\/\/geriano.sk\/?page_id=65","title":{"rendered":"Kontakt"},"content":{"rendered":"\n<ul class=\"wp-block-social-links aligncenter has-huge-icon-size is-layout-flex wp-block-social-links-is-layout-flex\"><li class=\"wp-social-link wp-social-link-facebook  wp-block-social-link\"><a rel=\"noopener nofollow\" target=\"_blank\" href=\"https:\/\/www.facebook.com\/stefan.kires\" class=\"wp-block-social-link-anchor\"><svg width=\"24\" height=\"24\" viewBox=\"0 0 24 24\" version=\"1.1\" xmlns=\"http:\/\/www.w3.org\/2000\/svg\" aria-hidden=\"true\" focusable=\"false\"><path d=\"M12 2C6.5 2 2 6.5 2 12c0 5 3.7 9.1 8.4 9.9v-7H7.9V12h2.5V9.8c0-2.5 1.5-3.9 3.8-3.9 1.1 0 2.2.2 2.2.2v2.5h-1.3c-1.2 0-1.6.8-1.6 1.6V12h2.8l-.4 2.9h-2.3v7C18.3 21.1 22 17 22 12c0-5.5-4.5-10-10-10z\"><\/path><\/svg><span class=\"wp-block-social-link-label screen-reader-text\">Facebook<\/span><\/a><\/li><\/ul>\n\n\n<h4><em>GERIA, n. o. \u2013 Zariadenie pre seniorov<\/em><\/h4>\n<p>S\u00eddlo: Zbojn\u00e9 89, 067 13 Zbojn\u00e9<\/p>\n<p>Prev\u00e1dzka (miesto poskytovania soci\u00e1lnej slu\u017eby): Vy\u0161n\u00e1 Jablonka\u00a0 34, 067 34, okr. Humenn\u00e9<\/p>\n<p>I\u010cO\u00a0 :\u00a0\u00a0<strong>50687018<\/strong><\/p>\n<p>DI\u010c\u00a0 :\u00a0\u00a02120432919<\/p>\n<p>Bankov\u00e9 spojenie: <strong>IBAN: SK04 0900 0000 0051 4137 3866<\/strong><\/p>\n<p>Riadite\u013e \/ \u0161tatut\u00e1rny z\u00e1stupca:\u00a0<strong> PhDr. Monika Kire\u0161ov\u00e1<\/strong><\/p>\n<p>Telef\u00f3n :<\/p>\n<p><strong>O2 \/ 0910 573 455, Orange \/ 0915 403 280\u00a0<\/strong> &#8211;\u00a0 riadite\u013eka, soci\u00e1lna pracovn\u00ed\u010dka,<\/p>\n<p><strong>057\/ 7795071, 0948 591 362<\/strong>\u00a0\u2013 zdravotn\u00e1 sestra, opatrovate\u013eky<\/p>\n<p>e-mailov\u00e1 adresa :\u00a0 <a href=\"mailto:domovgeriano@gmail.com\"><strong>domovgeriano@gmail.com\u00a0<\/strong><\/a><\/p>\n<p><img loading=\"lazy\" decoding=\"async\" class=\"aligncenter wp-image-120 size-large\" src=\"http:\/\/geriano.sk\/wp-content\/uploads\/2017\/12\/mapa-1024x662.png\" alt=\"\" width=\"840\" height=\"543\" srcset=\"http:\/\/geriano.sk\/wp-content\/uploads\/2017\/12\/mapa-1024x662.png 1024w, http:\/\/geriano.sk\/wp-content\/uploads\/2017\/12\/mapa-300x194.png 300w, http:\/\/geriano.sk\/wp-content\/uploads\/2017\/12\/mapa-768x496.png 768w, http:\/\/geriano.sk\/wp-content\/uploads\/2017\/12\/mapa.png 1102w\" sizes=\"auto, (max-width: 840px) 100vw, 840px\" \/><\/p>\n\n\n<figure class=\"wp-block-gallery has-nested-images columns-default is-cropped wp-block-gallery-1 is-layout-flex wp-block-gallery-is-layout-flex\">\n<figure class=\"wp-block-image size-large\"><img loading=\"lazy\" decoding=\"async\" width=\"1024\" height=\"508\" data-id=\"2443\" src=\"http:\/\/geriano.sk\/wp-content\/uploads\/2023\/01\/GERIA-kde-nas-najdete-1024x508.jpg\" alt=\"\" class=\"wp-image-2443\" srcset=\"http:\/\/geriano.sk\/wp-content\/uploads\/2023\/01\/GERIA-kde-nas-najdete-1024x508.jpg 1024w, http:\/\/geriano.sk\/wp-content\/uploads\/2023\/01\/GERIA-kde-nas-najdete-300x149.jpg 300w, http:\/\/geriano.sk\/wp-content\/uploads\/2023\/01\/GERIA-kde-nas-najdete-768x381.jpg 768w, http:\/\/geriano.sk\/wp-content\/uploads\/2023\/01\/GERIA-kde-nas-najdete.jpg 1295w\" sizes=\"auto, (max-width: 1024px) 100vw, 1024px\" \/><\/figure>\n<\/figure>\n\n\n\n<p class=\"has-text-align-center has-large-font-size\"><a href=\"https:\/\/goo.gl\/maps\/ExTXdyad7bzF7uQA8\" data-type=\"URL\" data-id=\"https:\/\/goo.gl\/maps\/4UxTWaectznkqkAP9\" target=\"_blank\" rel=\"noreferrer noopener\">MAPA GOOGLE &#8211; GERIA, n.o. &#8211; ZpS<\/a><\/p>\n","protected":false},"excerpt":{"rendered":"<p>GERIA, n. o. \u2013 Zariadenie pre seniorov S\u00eddlo: Zbojn\u00e9 89, 067 13 Zbojn\u00e9 Prev\u00e1dzka (miesto poskytovania soci\u00e1lnej slu\u017eby): Vy\u0161n\u00e1 Jablonka\u00a0[&#8230;]<\/p>\n","protected":false},"author":1,"featured_media":0,"parent":0,"menu_order":0,"comment_status":"closed","ping_status":"closed","template":"","meta":{"footnotes":""},"class_list":["post-65","page","type-page","status-publish","hentry"],"_links":{"self":[{"href":"http:\/\/geriano.sk\/index.php?rest_route=\/wp\/v2\/pages\/65","targetHints":{"allow":["GET"]}}],"collection":[{"href":"http:\/\/geriano.sk\/index.php?rest_route=\/wp\/v2\/pages"}],"about":[{"href":"http:\/\/geriano.sk\/index.php?rest_route=\/wp\/v2\/types\/page"}],"author":[{"embeddable":true,"href":"http:\/\/geriano.sk\/index.php?rest_route=\/wp\/v2\/users\/1"}],"replies":[{"embeddable":true,"href":"http:\/\/geriano.sk\/index.php?rest_route=%2Fwp%2Fv2%2Fcomments&post=65"}],"version-history":[{"count":6,"href":"http:\/\/geriano.sk\/index.php?rest_route=\/wp\/v2\/pages\/65\/revisions"}],"predecessor-version":[{"id":3254,"href":"http:\/\/geriano.sk\/index.php?rest_route=\/wp\/v2\/pages\/65\/revisions\/3254"}],"wp:attachment":[{"href":"http:\/\/geriano.sk\/index.php?rest_route=%2Fwp%2Fv2%2Fmedia&parent=65"}],"curies":[{"name":"wp","href":"https:\/\/api.w.org\/{rel}","templated":true}]}}