{"id":3206,"date":"2025-06-30T14:44:28","date_gmt":"2025-06-30T12:44:28","guid":{"rendered":"https:\/\/geriano.sk\/?page_id=3206"},"modified":"2025-07-10T14:39:11","modified_gmt":"2025-07-10T12:39:11","slug":"modernizacia-a-uprava-terasy","status":"publish","type":"page","link":"http:\/\/geriano.sk\/?page_id=3206","title":{"rendered":"MODERNIZ\u00c1CIA A \u00daPRAVA TERASY"},"content":{"rendered":"\n<p><strong>MODERNIZ\u00c1CIA A \u00daPRAVA TERASY<\/strong><\/p>\n\n\n\n<p><strong>ZMLUVA \u010d.1428\/2024\/OPR o poskytnut\u00ed dot\u00e1cie<\/strong><\/p>\n\n\n\n<p><strong>\u201eProjekt je podporen\u00fd z rozpo\u010dtu PSK\u201c.<\/strong><\/p>\n\n\n\n<div class=\"wp-block-envira-envira-gallery\"><div id=\"envira-gallery-wrap-3224\" class=\"envira-gallery-wrap envira-gallery-theme-base envira-lightbox-theme-base\" itemscope itemtype=\"https:\/\/schema.org\/ImageGallery\"><div data-row-height=\"150\" data-gallery-theme=\"normal\" id=\"envira-gallery-3224\" class=\"envira-gallery-public envira-gallery-justified-public envira-gallery-0-columns envira-clear enviratope envira-gallery-css-animations\" data-envira-columns=\"0\"><div id=\"envira-gallery-item-3226\" class=\"envira-gallery-item enviratope-item envira-gallery-item-1 envira-lazy-load\" style=\"padding-left: 1px; padding-bottom: 1px; padding-right: 1px;\"  itemscope itemtype=\"https:\/\/schema.org\/ImageObject\"><div class=\"envira-gallery-item-inner\"><div class=\"envira-gallery-position-overlay  envira-gallery-top-left\"><\/div><div class=\"envira-gallery-position-overlay  envira-gallery-top-right\"><\/div><div class=\"envira-gallery-position-overlay  envira-gallery-bottom-left\"><\/div><div class=\"envira-gallery-position-overlay  envira-gallery-bottom-right\"><\/div><a href=\"https:\/\/geriano.sk\/wp-content\/uploads\/2025\/07\/1-2.jpg\" class=\"envira-gallery-3224 envira-gallery-link\" rel=\"enviragallery3224\" title=\"1.\" data-envira-caption=\"1.\" data-envira-retina=\"\" data-thumbnail=\"\"  itemprop=\"contentUrl\"><img decoding=\"async\" id=\"envira-gallery-image-3226\" class=\"envira-gallery-image envira-gallery-image-1 envira-normal envira-lazy\" data-envira-index=\"1\" src=\"http:\/\/geriano.sk\/wp-content\/uploads\/2025\/07\/1-2-640x480.jpg\" data-envira-src=\"http:\/\/geriano.sk\/wp-content\/uploads\/2025\/07\/1-2-640x480.jpg\" data-envira-gallery-id=\"3224\" data-envira-item-id=\"3226\" data-envira-caption=\"1.\" alt=\"\" title=\"1.\"  itemprop=\"thumbnailUrl\" data-envira-srcset=\"http:\/\/geriano.sk\/wp-content\/uploads\/2025\/07\/1-2-640x480.jpg 400w,http:\/\/geriano.sk\/wp-content\/uploads\/2025\/07\/1-2-640x480.jpg 2x\" data-envira-width=\"300\" data-envira-height=\"211\" srcset=\"data:image\/gif;base64,R0lGODlhAQABAIAAAP\/\/\/\/\/\/\/yH5BAEKAAEALAAAAAABAAEAAAICTAEAOw==\" data-safe-src=\"data:image\/gif;base64,R0lGODlhAQABAIAAAP\/\/\/\/\/\/\/yH5BAEKAAEALAAAAAABAAEAAAICTAEAOw==\" \/><\/a><\/div><\/div><div id=\"envira-gallery-item-3213\" class=\"envira-gallery-item enviratope-item envira-gallery-item-2 envira-lazy-load\" style=\"padding-left: 1px; padding-bottom: 1px; padding-right: 1px;\"  itemscope itemtype=\"https:\/\/schema.org\/ImageObject\"><div class=\"envira-gallery-item-inner\"><div class=\"envira-gallery-position-overlay  envira-gallery-top-left\"><\/div><div class=\"envira-gallery-position-overlay  envira-gallery-top-right\"><\/div><div class=\"envira-gallery-position-overlay  envira-gallery-bottom-left\"><\/div><div class=\"envira-gallery-position-overlay  envira-gallery-bottom-right\"><\/div><a href=\"https:\/\/geriano.sk\/wp-content\/uploads\/2025\/07\/1.jpg\" class=\"envira-gallery-3224 envira-gallery-link\" rel=\"enviragallery3224\" title=\"1\" data-envira-caption=\"1\" data-envira-retina=\"\" data-thumbnail=\"\"  itemprop=\"contentUrl\"><img decoding=\"async\" id=\"envira-gallery-image-3213\" class=\"envira-gallery-image envira-gallery-image-2 envira-normal envira-lazy\" data-envira-index=\"2\" src=\"http:\/\/geriano.sk\/wp-content\/uploads\/2025\/07\/1-1024x810-640x480.jpg\" data-envira-src=\"http:\/\/geriano.sk\/wp-content\/uploads\/2025\/07\/1-1024x810-640x480.jpg\" data-envira-gallery-id=\"3224\" data-envira-item-id=\"3213\" data-envira-caption=\"1\" alt=\"\" title=\"1\"  itemprop=\"thumbnailUrl\" data-envira-srcset=\"http:\/\/geriano.sk\/wp-content\/uploads\/2025\/07\/1-1024x810-640x480.jpg 400w,http:\/\/geriano.sk\/wp-content\/uploads\/2025\/07\/1-1024x810-640x480.jpg 2x\" data-envira-width=\"300\" data-envira-height=\"237\" srcset=\"data:image\/gif;base64,R0lGODlhAQABAIAAAP\/\/\/\/\/\/\/yH5BAEKAAEALAAAAAABAAEAAAICTAEAOw==\" data-safe-src=\"data:image\/gif;base64,R0lGODlhAQABAIAAAP\/\/\/\/\/\/\/yH5BAEKAAEALAAAAAABAAEAAAICTAEAOw==\" \/><\/a><\/div><\/div><div id=\"envira-gallery-item-3214\" class=\"envira-gallery-item enviratope-item envira-gallery-item-3 envira-lazy-load\" style=\"padding-left: 1px; padding-bottom: 1px; padding-right: 1px;\"  itemscope itemtype=\"https:\/\/schema.org\/ImageObject\"><div class=\"envira-gallery-item-inner\"><div class=\"envira-gallery-position-overlay  envira-gallery-top-left\"><\/div><div class=\"envira-gallery-position-overlay  envira-gallery-top-right\"><\/div><div class=\"envira-gallery-position-overlay  envira-gallery-bottom-left\"><\/div><div class=\"envira-gallery-position-overlay  envira-gallery-bottom-right\"><\/div><a href=\"https:\/\/geriano.sk\/wp-content\/uploads\/2025\/07\/2.jpg\" class=\"envira-gallery-3224 envira-gallery-link\" rel=\"enviragallery3224\" title=\"2\" data-envira-caption=\"2\" data-envira-retina=\"\" data-thumbnail=\"\"  itemprop=\"contentUrl\"><img decoding=\"async\" id=\"envira-gallery-image-3214\" class=\"envira-gallery-image envira-gallery-image-3 envira-normal envira-lazy\" data-envira-index=\"3\" src=\"http:\/\/geriano.sk\/wp-content\/uploads\/2025\/07\/2-1024x1000-640x480.jpg\" data-envira-src=\"http:\/\/geriano.sk\/wp-content\/uploads\/2025\/07\/2-1024x1000-640x480.jpg\" data-envira-gallery-id=\"3224\" data-envira-item-id=\"3214\" data-envira-caption=\"2\" alt=\"\" title=\"2\"  itemprop=\"thumbnailUrl\" data-envira-srcset=\"http:\/\/geriano.sk\/wp-content\/uploads\/2025\/07\/2-1024x1000-640x480.jpg 400w,http:\/\/geriano.sk\/wp-content\/uploads\/2025\/07\/2-1024x1000-640x480.jpg 2x\" data-envira-width=\"300\" data-envira-height=\"293\" srcset=\"data:image\/gif;base64,R0lGODlhAQABAIAAAP\/\/\/\/\/\/\/yH5BAEKAAEALAAAAAABAAEAAAICTAEAOw==\" data-safe-src=\"data:image\/gif;base64,R0lGODlhAQABAIAAAP\/\/\/\/\/\/\/yH5BAEKAAEALAAAAAABAAEAAAICTAEAOw==\" \/><\/a><\/div><\/div><div id=\"envira-gallery-item-3215\" class=\"envira-gallery-item enviratope-item envira-gallery-item-4 envira-lazy-load\" style=\"padding-left: 1px; padding-bottom: 1px; padding-right: 1px;\"  itemscope itemtype=\"https:\/\/schema.org\/ImageObject\"><div class=\"envira-gallery-item-inner\"><div class=\"envira-gallery-position-overlay  envira-gallery-top-left\"><\/div><div class=\"envira-gallery-position-overlay  envira-gallery-top-right\"><\/div><div class=\"envira-gallery-position-overlay  envira-gallery-bottom-left\"><\/div><div class=\"envira-gallery-position-overlay  envira-gallery-bottom-right\"><\/div><a href=\"https:\/\/geriano.sk\/wp-content\/uploads\/2025\/07\/3.jpg\" class=\"envira-gallery-3224 envira-gallery-link\" rel=\"enviragallery3224\" title=\"3\" data-envira-caption=\"3\" data-envira-retina=\"\" data-thumbnail=\"\"  itemprop=\"contentUrl\"><img decoding=\"async\" id=\"envira-gallery-image-3215\" class=\"envira-gallery-image envira-gallery-image-4 envira-normal envira-lazy\" data-envira-index=\"4\" src=\"http:\/\/geriano.sk\/wp-content\/uploads\/2025\/07\/3-1024x768-640x480.jpg\" data-envira-src=\"http:\/\/geriano.sk\/wp-content\/uploads\/2025\/07\/3-1024x768-640x480.jpg\" data-envira-gallery-id=\"3224\" data-envira-item-id=\"3215\" data-envira-caption=\"3\" alt=\"\" title=\"3\"  itemprop=\"thumbnailUrl\" data-envira-srcset=\"http:\/\/geriano.sk\/wp-content\/uploads\/2025\/07\/3-1024x768-640x480.jpg 400w,http:\/\/geriano.sk\/wp-content\/uploads\/2025\/07\/3-1024x768-640x480.jpg 2x\" data-envira-width=\"300\" data-envira-height=\"225\" srcset=\"data:image\/gif;base64,R0lGODlhAQABAIAAAP\/\/\/\/\/\/\/yH5BAEKAAEALAAAAAABAAEAAAICTAEAOw==\" data-safe-src=\"data:image\/gif;base64,R0lGODlhAQABAIAAAP\/\/\/\/\/\/\/yH5BAEKAAEALAAAAAABAAEAAAICTAEAOw==\" \/><\/a><\/div><\/div><div id=\"envira-gallery-item-3216\" class=\"envira-gallery-item enviratope-item envira-gallery-item-5 envira-lazy-load\" style=\"padding-left: 1px; padding-bottom: 1px; padding-right: 1px;\"  itemscope itemtype=\"https:\/\/schema.org\/ImageObject\"><div class=\"envira-gallery-item-inner\"><div class=\"envira-gallery-position-overlay  envira-gallery-top-left\"><\/div><div class=\"envira-gallery-position-overlay  envira-gallery-top-right\"><\/div><div class=\"envira-gallery-position-overlay  envira-gallery-bottom-left\"><\/div><div class=\"envira-gallery-position-overlay  envira-gallery-bottom-right\"><\/div><a href=\"https:\/\/geriano.sk\/wp-content\/uploads\/2025\/07\/4.jpg\" class=\"envira-gallery-3224 envira-gallery-link\" rel=\"enviragallery3224\" title=\"4\" data-envira-caption=\"4\" data-envira-retina=\"\" data-thumbnail=\"\"  itemprop=\"contentUrl\"><img decoding=\"async\" id=\"envira-gallery-image-3216\" class=\"envira-gallery-image envira-gallery-image-5 envira-normal envira-lazy\" data-envira-index=\"5\" src=\"http:\/\/geriano.sk\/wp-content\/uploads\/2025\/07\/4-1024x618-640x480.jpg\" data-envira-src=\"http:\/\/geriano.sk\/wp-content\/uploads\/2025\/07\/4-1024x618-640x480.jpg\" data-envira-gallery-id=\"3224\" data-envira-item-id=\"3216\" data-envira-caption=\"4\" alt=\"\" title=\"4\"  itemprop=\"thumbnailUrl\" data-envira-srcset=\"http:\/\/geriano.sk\/wp-content\/uploads\/2025\/07\/4-1024x618-640x480.jpg 400w,http:\/\/geriano.sk\/wp-content\/uploads\/2025\/07\/4-1024x618-640x480.jpg 2x\" data-envira-width=\"300\" data-envira-height=\"181\" srcset=\"data:image\/gif;base64,R0lGODlhAQABAIAAAP\/\/\/\/\/\/\/yH5BAEKAAEALAAAAAABAAEAAAICTAEAOw==\" data-safe-src=\"data:image\/gif;base64,R0lGODlhAQABAIAAAP\/\/\/\/\/\/\/yH5BAEKAAEALAAAAAABAAEAAAICTAEAOw==\" \/><\/a><\/div><\/div><div id=\"envira-gallery-item-3222\" class=\"envira-gallery-item enviratope-item envira-gallery-item-6 envira-lazy-load\" style=\"padding-left: 1px; padding-bottom: 1px; padding-right: 1px;\"  itemscope itemtype=\"https:\/\/schema.org\/ImageObject\"><div class=\"envira-gallery-item-inner\"><div class=\"envira-gallery-position-overlay  envira-gallery-top-left\"><\/div><div class=\"envira-gallery-position-overlay  envira-gallery-top-right\"><\/div><div class=\"envira-gallery-position-overlay  envira-gallery-bottom-left\"><\/div><div class=\"envira-gallery-position-overlay  envira-gallery-bottom-right\"><\/div><a href=\"https:\/\/geriano.sk\/wp-content\/uploads\/2025\/07\/10.jpg\" class=\"envira-gallery-3224 envira-gallery-link\" rel=\"enviragallery3224\" title=\"10\" data-envira-caption=\"10\" data-envira-retina=\"\" data-thumbnail=\"\"  itemprop=\"contentUrl\"><img decoding=\"async\" id=\"envira-gallery-image-3222\" class=\"envira-gallery-image envira-gallery-image-6 envira-normal envira-lazy\" data-envira-index=\"6\" src=\"http:\/\/geriano.sk\/wp-content\/uploads\/2025\/07\/10-1024x771-640x480.jpg\" data-envira-src=\"http:\/\/geriano.sk\/wp-content\/uploads\/2025\/07\/10-1024x771-640x480.jpg\" data-envira-gallery-id=\"3224\" data-envira-item-id=\"3222\" data-envira-caption=\"10\" alt=\"\" title=\"10\"  itemprop=\"thumbnailUrl\" data-envira-srcset=\"http:\/\/geriano.sk\/wp-content\/uploads\/2025\/07\/10-1024x771-640x480.jpg 400w,http:\/\/geriano.sk\/wp-content\/uploads\/2025\/07\/10-1024x771-640x480.jpg 2x\" data-envira-width=\"300\" data-envira-height=\"226\" srcset=\"data:image\/gif;base64,R0lGODlhAQABAIAAAP\/\/\/\/\/\/\/yH5BAEKAAEALAAAAAABAAEAAAICTAEAOw==\" data-safe-src=\"data:image\/gif;base64,R0lGODlhAQABAIAAAP\/\/\/\/\/\/\/yH5BAEKAAEALAAAAAABAAEAAAICTAEAOw==\" \/><\/a><\/div><\/div><div id=\"envira-gallery-item-3217\" class=\"envira-gallery-item enviratope-item envira-gallery-item-7 envira-lazy-load\" style=\"padding-left: 1px; padding-bottom: 1px; padding-right: 1px;\"  itemscope itemtype=\"https:\/\/schema.org\/ImageObject\"><div class=\"envira-gallery-item-inner\"><div class=\"envira-gallery-position-overlay  envira-gallery-top-left\"><\/div><div class=\"envira-gallery-position-overlay  envira-gallery-top-right\"><\/div><div class=\"envira-gallery-position-overlay  envira-gallery-bottom-left\"><\/div><div class=\"envira-gallery-position-overlay  envira-gallery-bottom-right\"><\/div><a href=\"https:\/\/geriano.sk\/wp-content\/uploads\/2025\/07\/5.jpg\" class=\"envira-gallery-3224 envira-gallery-link\" rel=\"enviragallery3224\" title=\"5\" data-envira-caption=\"5\" data-envira-retina=\"\" data-thumbnail=\"\"  itemprop=\"contentUrl\"><img decoding=\"async\" id=\"envira-gallery-image-3217\" class=\"envira-gallery-image envira-gallery-image-7 envira-normal envira-lazy\" data-envira-index=\"7\" src=\"http:\/\/geriano.sk\/wp-content\/uploads\/2025\/07\/5-1024x779-640x480.jpg\" data-envira-src=\"http:\/\/geriano.sk\/wp-content\/uploads\/2025\/07\/5-1024x779-640x480.jpg\" data-envira-gallery-id=\"3224\" data-envira-item-id=\"3217\" data-envira-caption=\"5\" alt=\"\" title=\"5\"  itemprop=\"thumbnailUrl\" data-envira-srcset=\"http:\/\/geriano.sk\/wp-content\/uploads\/2025\/07\/5-1024x779-640x480.jpg 400w,http:\/\/geriano.sk\/wp-content\/uploads\/2025\/07\/5-1024x779-640x480.jpg 2x\" data-envira-width=\"300\" data-envira-height=\"228\" srcset=\"data:image\/gif;base64,R0lGODlhAQABAIAAAP\/\/\/\/\/\/\/yH5BAEKAAEALAAAAAABAAEAAAICTAEAOw==\" data-safe-src=\"data:image\/gif;base64,R0lGODlhAQABAIAAAP\/\/\/\/\/\/\/yH5BAEKAAEALAAAAAABAAEAAAICTAEAOw==\" \/><\/a><\/div><\/div><div id=\"envira-gallery-item-3218\" class=\"envira-gallery-item enviratope-item envira-gallery-item-8 envira-lazy-load\" style=\"padding-left: 1px; padding-bottom: 1px; padding-right: 1px;\"  itemscope itemtype=\"https:\/\/schema.org\/ImageObject\"><div class=\"envira-gallery-item-inner\"><div class=\"envira-gallery-position-overlay  envira-gallery-top-left\"><\/div><div class=\"envira-gallery-position-overlay  envira-gallery-top-right\"><\/div><div class=\"envira-gallery-position-overlay  envira-gallery-bottom-left\"><\/div><div class=\"envira-gallery-position-overlay  envira-gallery-bottom-right\"><\/div><a href=\"https:\/\/geriano.sk\/wp-content\/uploads\/2025\/07\/6.jpg\" class=\"envira-gallery-3224 envira-gallery-link\" rel=\"enviragallery3224\" title=\"6\" data-envira-caption=\"6\" data-envira-retina=\"\" data-thumbnail=\"\"  itemprop=\"contentUrl\"><img decoding=\"async\" id=\"envira-gallery-image-3218\" class=\"envira-gallery-image envira-gallery-image-8 envira-normal envira-lazy\" data-envira-index=\"8\" src=\"http:\/\/geriano.sk\/wp-content\/uploads\/2025\/07\/6-1024x768-640x480.jpg\" data-envira-src=\"http:\/\/geriano.sk\/wp-content\/uploads\/2025\/07\/6-1024x768-640x480.jpg\" data-envira-gallery-id=\"3224\" data-envira-item-id=\"3218\" data-envira-caption=\"6\" alt=\"\" title=\"6\"  itemprop=\"thumbnailUrl\" data-envira-srcset=\"http:\/\/geriano.sk\/wp-content\/uploads\/2025\/07\/6-1024x768-640x480.jpg 400w,http:\/\/geriano.sk\/wp-content\/uploads\/2025\/07\/6-1024x768-640x480.jpg 2x\" data-envira-width=\"300\" data-envira-height=\"225\" srcset=\"data:image\/gif;base64,R0lGODlhAQABAIAAAP\/\/\/\/\/\/\/yH5BAEKAAEALAAAAAABAAEAAAICTAEAOw==\" data-safe-src=\"data:image\/gif;base64,R0lGODlhAQABAIAAAP\/\/\/\/\/\/\/yH5BAEKAAEALAAAAAABAAEAAAICTAEAOw==\" \/><\/a><\/div><\/div><div id=\"envira-gallery-item-3219\" class=\"envira-gallery-item enviratope-item envira-gallery-item-9 envira-lazy-load\" style=\"padding-left: 1px; padding-bottom: 1px; padding-right: 1px;\"  itemscope itemtype=\"https:\/\/schema.org\/ImageObject\"><div class=\"envira-gallery-item-inner\"><div class=\"envira-gallery-position-overlay  envira-gallery-top-left\"><\/div><div class=\"envira-gallery-position-overlay  envira-gallery-top-right\"><\/div><div class=\"envira-gallery-position-overlay  envira-gallery-bottom-left\"><\/div><div class=\"envira-gallery-position-overlay  envira-gallery-bottom-right\"><\/div><a href=\"https:\/\/geriano.sk\/wp-content\/uploads\/2025\/07\/7.jpg\" class=\"envira-gallery-3224 envira-gallery-link\" rel=\"enviragallery3224\" title=\"7\" data-envira-caption=\"7\" data-envira-retina=\"\" data-thumbnail=\"\"  itemprop=\"contentUrl\"><img decoding=\"async\" id=\"envira-gallery-image-3219\" class=\"envira-gallery-image envira-gallery-image-9 envira-normal envira-lazy\" data-envira-index=\"9\" src=\"http:\/\/geriano.sk\/wp-content\/uploads\/2025\/07\/7-1024x768-640x480.jpg\" data-envira-src=\"http:\/\/geriano.sk\/wp-content\/uploads\/2025\/07\/7-1024x768-640x480.jpg\" data-envira-gallery-id=\"3224\" data-envira-item-id=\"3219\" data-envira-caption=\"7\" alt=\"\" title=\"7\"  itemprop=\"thumbnailUrl\" data-envira-srcset=\"http:\/\/geriano.sk\/wp-content\/uploads\/2025\/07\/7-1024x768-640x480.jpg 400w,http:\/\/geriano.sk\/wp-content\/uploads\/2025\/07\/7-1024x768-640x480.jpg 2x\" data-envira-width=\"300\" data-envira-height=\"225\" srcset=\"data:image\/gif;base64,R0lGODlhAQABAIAAAP\/\/\/\/\/\/\/yH5BAEKAAEALAAAAAABAAEAAAICTAEAOw==\" data-safe-src=\"data:image\/gif;base64,R0lGODlhAQABAIAAAP\/\/\/\/\/\/\/yH5BAEKAAEALAAAAAABAAEAAAICTAEAOw==\" \/><\/a><\/div><\/div><div id=\"envira-gallery-item-3220\" class=\"envira-gallery-item enviratope-item envira-gallery-item-10 envira-lazy-load\" style=\"padding-left: 1px; padding-bottom: 1px; padding-right: 1px;\"  itemscope itemtype=\"https:\/\/schema.org\/ImageObject\"><div class=\"envira-gallery-item-inner\"><div class=\"envira-gallery-position-overlay  envira-gallery-top-left\"><\/div><div class=\"envira-gallery-position-overlay  envira-gallery-top-right\"><\/div><div class=\"envira-gallery-position-overlay  envira-gallery-bottom-left\"><\/div><div class=\"envira-gallery-position-overlay  envira-gallery-bottom-right\"><\/div><a href=\"https:\/\/geriano.sk\/wp-content\/uploads\/2025\/07\/8.jpg\" class=\"envira-gallery-3224 envira-gallery-link\" rel=\"enviragallery3224\" title=\"8\" data-envira-caption=\"8\" data-envira-retina=\"\" data-thumbnail=\"\"  itemprop=\"contentUrl\"><img decoding=\"async\" id=\"envira-gallery-image-3220\" class=\"envira-gallery-image envira-gallery-image-10 envira-normal envira-lazy\" data-envira-index=\"10\" src=\"http:\/\/geriano.sk\/wp-content\/uploads\/2025\/07\/8-1024x768-640x480.jpg\" data-envira-src=\"http:\/\/geriano.sk\/wp-content\/uploads\/2025\/07\/8-1024x768-640x480.jpg\" data-envira-gallery-id=\"3224\" data-envira-item-id=\"3220\" data-envira-caption=\"8\" alt=\"\" title=\"8\"  itemprop=\"thumbnailUrl\" data-envira-srcset=\"http:\/\/geriano.sk\/wp-content\/uploads\/2025\/07\/8-1024x768-640x480.jpg 400w,http:\/\/geriano.sk\/wp-content\/uploads\/2025\/07\/8-1024x768-640x480.jpg 2x\" data-envira-width=\"300\" data-envira-height=\"225\" srcset=\"data:image\/gif;base64,R0lGODlhAQABAIAAAP\/\/\/\/\/\/\/yH5BAEKAAEALAAAAAABAAEAAAICTAEAOw==\" data-safe-src=\"data:image\/gif;base64,R0lGODlhAQABAIAAAP\/\/\/\/\/\/\/yH5BAEKAAEALAAAAAABAAEAAAICTAEAOw==\" \/><\/a><\/div><\/div><div id=\"envira-gallery-item-3221\" class=\"envira-gallery-item enviratope-item envira-gallery-item-11 envira-lazy-load\" style=\"padding-left: 1px; padding-bottom: 1px; padding-right: 1px;\"  itemscope itemtype=\"https:\/\/schema.org\/ImageObject\"><div class=\"envira-gallery-item-inner\"><div class=\"envira-gallery-position-overlay  envira-gallery-top-left\"><\/div><div class=\"envira-gallery-position-overlay  envira-gallery-top-right\"><\/div><div class=\"envira-gallery-position-overlay  envira-gallery-bottom-left\"><\/div><div class=\"envira-gallery-position-overlay  envira-gallery-bottom-right\"><\/div><a href=\"https:\/\/geriano.sk\/wp-content\/uploads\/2025\/07\/9.jpg\" class=\"envira-gallery-3224 envira-gallery-link\" rel=\"enviragallery3224\" title=\"9\" data-envira-caption=\"9\" data-envira-retina=\"\" data-thumbnail=\"\"  itemprop=\"contentUrl\"><img decoding=\"async\" id=\"envira-gallery-image-3221\" class=\"envira-gallery-image envira-gallery-image-11 envira-normal envira-lazy\" data-envira-index=\"11\" src=\"http:\/\/geriano.sk\/wp-content\/uploads\/2025\/07\/9-1024x891-640x480.jpg\" data-envira-src=\"http:\/\/geriano.sk\/wp-content\/uploads\/2025\/07\/9-1024x891-640x480.jpg\" data-envira-gallery-id=\"3224\" data-envira-item-id=\"3221\" data-envira-caption=\"9\" alt=\"\" title=\"9\"  itemprop=\"thumbnailUrl\" data-envira-srcset=\"http:\/\/geriano.sk\/wp-content\/uploads\/2025\/07\/9-1024x891-640x480.jpg 400w,http:\/\/geriano.sk\/wp-content\/uploads\/2025\/07\/9-1024x891-640x480.jpg 2x\" data-envira-width=\"300\" data-envira-height=\"261\" srcset=\"data:image\/gif;base64,R0lGODlhAQABAIAAAP\/\/\/\/\/\/\/yH5BAEKAAEALAAAAAABAAEAAAICTAEAOw==\" data-safe-src=\"data:image\/gif;base64,R0lGODlhAQABAIAAAP\/\/\/\/\/\/\/yH5BAEKAAEALAAAAAABAAEAAAICTAEAOw==\" \/><\/a><\/div><\/div><\/div><\/div><noscript><img decoding=\"async\" src=\"http:\/\/geriano.sk\/wp-content\/uploads\/2025\/07\/1-2.jpg\" alt=\"\" \/><img decoding=\"async\" src=\"http:\/\/geriano.sk\/wp-content\/uploads\/2025\/07\/1.jpg\" alt=\"\" \/><img decoding=\"async\" src=\"http:\/\/geriano.sk\/wp-content\/uploads\/2025\/07\/2.jpg\" alt=\"\" \/><img decoding=\"async\" src=\"http:\/\/geriano.sk\/wp-content\/uploads\/2025\/07\/3.jpg\" alt=\"\" \/><img decoding=\"async\" src=\"http:\/\/geriano.sk\/wp-content\/uploads\/2025\/07\/4.jpg\" alt=\"\" \/><img decoding=\"async\" src=\"http:\/\/geriano.sk\/wp-content\/uploads\/2025\/07\/10.jpg\" alt=\"\" \/><img decoding=\"async\" src=\"http:\/\/geriano.sk\/wp-content\/uploads\/2025\/07\/5.jpg\" alt=\"\" \/><img decoding=\"async\" src=\"http:\/\/geriano.sk\/wp-content\/uploads\/2025\/07\/6.jpg\" alt=\"\" \/><img decoding=\"async\" src=\"http:\/\/geriano.sk\/wp-content\/uploads\/2025\/07\/7.jpg\" alt=\"\" \/><img decoding=\"async\" src=\"http:\/\/geriano.sk\/wp-content\/uploads\/2025\/07\/8.jpg\" alt=\"\" \/><img decoding=\"async\" src=\"http:\/\/geriano.sk\/wp-content\/uploads\/2025\/07\/9.jpg\" alt=\"\" \/><\/noscript><\/div>\n\n\n\n<p><\/p>\n","protected":false},"excerpt":{"rendered":"<p>MODERNIZ\u00c1CIA A \u00daPRAVA TERASY ZMLUVA \u010d.1428\/2024\/OPR o poskytnut\u00ed dot\u00e1cie \u201eProjekt je podporen\u00fd z rozpo\u010dtu PSK\u201c.<\/p>\n","protected":false},"author":1,"featured_media":0,"parent":0,"menu_order":0,"comment_status":"closed","ping_status":"closed","template":"","meta":{"footnotes":""},"class_list":["post-3206","page","type-page","status-publish","hentry"],"_links":{"self":[{"href":"http:\/\/geriano.sk\/index.php?rest_route=\/wp\/v2\/pages\/3206","targetHints":{"allow":["GET"]}}],"collection":[{"href":"http:\/\/geriano.sk\/index.php?rest_route=\/wp\/v2\/pages"}],"about":[{"href":"http:\/\/geriano.sk\/index.php?rest_route=\/wp\/v2\/types\/page"}],"author":[{"embeddable":true,"href":"http:\/\/geriano.sk\/index.php?rest_route=\/wp\/v2\/users\/1"}],"replies":[{"embeddable":true,"href":"http:\/\/geriano.sk\/index.php?rest_route=%2Fwp%2Fv2%2Fcomments&post=3206"}],"version-history":[{"count":6,"href":"http:\/\/geriano.sk\/index.php?rest_route=\/wp\/v2\/pages\/3206\/revisions"}],"predecessor-version":[{"id":3231,"href":"http:\/\/geriano.sk\/index.php?rest_route=\/wp\/v2\/pages\/3206\/revisions\/3231"}],"wp:attachment":[{"href":"http:\/\/geriano.sk\/index.php?rest_route=%2Fwp%2Fv2%2Fmedia&parent=3206"}],"curies":[{"name":"wp","href":"https:\/\/api.w.org\/{rel}","templated":true}]}}