{"id":3163,"date":"2025-01-27T14:08:43","date_gmt":"2025-01-27T13:08:43","guid":{"rendered":"https:\/\/geriano.sk\/?page_id=3163"},"modified":"2025-01-27T14:16:39","modified_gmt":"2025-01-27T13:16:39","slug":"rok-2025","status":"publish","type":"page","link":"http:\/\/geriano.sk\/?page_id=3163","title":{"rendered":"Rok 2025"},"content":{"rendered":"\n<p><strong>Oslava 7. v\u00fdro\u010dia otvorenia a spustenia prev\u00e1dzky zariadenia pre seniorov GERIA, n. o.<\/strong><\/p>\n\n\n\n<div class=\"wp-block-envira-envira-gallery\"><div id=\"envira-gallery-wrap-3166\" class=\"envira-gallery-wrap envira-gallery-theme-base envira-lightbox-theme-base\" itemscope itemtype=\"https:\/\/schema.org\/ImageGallery\"><div data-row-height=\"150\" data-gallery-theme=\"normal\" id=\"envira-gallery-3166\" class=\"envira-gallery-public envira-gallery-justified-public envira-gallery-0-columns envira-clear enviratope envira-gallery-css-animations\" data-envira-columns=\"0\"><div id=\"envira-gallery-item-3167\" class=\"envira-gallery-item enviratope-item envira-gallery-item-1 envira-lazy-load\" style=\"padding-left: 1px; padding-bottom: 1px; padding-right: 1px;\"  itemscope itemtype=\"https:\/\/schema.org\/ImageObject\"><div class=\"envira-gallery-item-inner\"><div class=\"envira-gallery-position-overlay  envira-gallery-top-left\"><\/div><div class=\"envira-gallery-position-overlay  envira-gallery-top-right\"><\/div><div class=\"envira-gallery-position-overlay  envira-gallery-bottom-left\"><\/div><div class=\"envira-gallery-position-overlay  envira-gallery-bottom-right\"><\/div><a href=\"https:\/\/geriano.sk\/wp-content\/uploads\/2025\/01\/1.jpg\" class=\"envira-gallery-3166 envira-gallery-link\" rel=\"enviragallery3166\" title=\"1\" data-envira-caption=\"1\" data-envira-retina=\"\" data-thumbnail=\"\"  itemprop=\"contentUrl\"><img decoding=\"async\" id=\"envira-gallery-image-3167\" class=\"envira-gallery-image envira-gallery-image-1 envira-normal envira-lazy\" data-envira-index=\"1\" src=\"http:\/\/geriano.sk\/wp-content\/uploads\/2025\/01\/1-1024x771-640x480.jpg\" data-envira-src=\"http:\/\/geriano.sk\/wp-content\/uploads\/2025\/01\/1-1024x771-640x480.jpg\" data-envira-gallery-id=\"3166\" data-envira-item-id=\"3167\" data-envira-caption=\"1\" alt=\"\" title=\"1\"  itemprop=\"thumbnailUrl\" data-envira-srcset=\"http:\/\/geriano.sk\/wp-content\/uploads\/2025\/01\/1-1024x771-640x480.jpg 400w,http:\/\/geriano.sk\/wp-content\/uploads\/2025\/01\/1-1024x771-640x480.jpg 2x\" data-envira-width=\"300\" data-envira-height=\"226\" srcset=\"data:image\/gif;base64,R0lGODlhAQABAIAAAP\/\/\/\/\/\/\/yH5BAEKAAEALAAAAAABAAEAAAICTAEAOw==\" data-safe-src=\"data:image\/gif;base64,R0lGODlhAQABAIAAAP\/\/\/\/\/\/\/yH5BAEKAAEALAAAAAABAAEAAAICTAEAOw==\" \/><\/a><\/div><\/div><div id=\"envira-gallery-item-3168\" class=\"envira-gallery-item enviratope-item envira-gallery-item-2 envira-lazy-load\" style=\"padding-left: 1px; padding-bottom: 1px; padding-right: 1px;\"  itemscope itemtype=\"https:\/\/schema.org\/ImageObject\"><div class=\"envira-gallery-item-inner\"><div class=\"envira-gallery-position-overlay  envira-gallery-top-left\"><\/div><div class=\"envira-gallery-position-overlay  envira-gallery-top-right\"><\/div><div class=\"envira-gallery-position-overlay  envira-gallery-bottom-left\"><\/div><div class=\"envira-gallery-position-overlay  envira-gallery-bottom-right\"><\/div><a href=\"https:\/\/geriano.sk\/wp-content\/uploads\/2025\/01\/2.jpg\" class=\"envira-gallery-3166 envira-gallery-link\" rel=\"enviragallery3166\" title=\"2\" data-envira-caption=\"2\" data-envira-retina=\"\" data-thumbnail=\"\"  itemprop=\"contentUrl\"><img decoding=\"async\" id=\"envira-gallery-image-3168\" class=\"envira-gallery-image envira-gallery-image-2 envira-normal envira-lazy\" data-envira-index=\"2\" src=\"http:\/\/geriano.sk\/wp-content\/uploads\/2025\/01\/2-1024x534-640x480.jpg\" data-envira-src=\"http:\/\/geriano.sk\/wp-content\/uploads\/2025\/01\/2-1024x534-640x480.jpg\" data-envira-gallery-id=\"3166\" data-envira-item-id=\"3168\" data-envira-caption=\"2\" alt=\"\" title=\"2\"  itemprop=\"thumbnailUrl\" data-envira-srcset=\"http:\/\/geriano.sk\/wp-content\/uploads\/2025\/01\/2-1024x534-640x480.jpg 400w,http:\/\/geriano.sk\/wp-content\/uploads\/2025\/01\/2-1024x534-640x480.jpg 2x\" data-envira-width=\"300\" data-envira-height=\"157\" srcset=\"data:image\/gif;base64,R0lGODlhAQABAIAAAP\/\/\/\/\/\/\/yH5BAEKAAEALAAAAAABAAEAAAICTAEAOw==\" data-safe-src=\"data:image\/gif;base64,R0lGODlhAQABAIAAAP\/\/\/\/\/\/\/yH5BAEKAAEALAAAAAABAAEAAAICTAEAOw==\" \/><\/a><\/div><\/div><div id=\"envira-gallery-item-3169\" class=\"envira-gallery-item enviratope-item envira-gallery-item-3 envira-lazy-load\" style=\"padding-left: 1px; padding-bottom: 1px; padding-right: 1px;\"  itemscope itemtype=\"https:\/\/schema.org\/ImageObject\"><div class=\"envira-gallery-item-inner\"><div class=\"envira-gallery-position-overlay  envira-gallery-top-left\"><\/div><div class=\"envira-gallery-position-overlay  envira-gallery-top-right\"><\/div><div class=\"envira-gallery-position-overlay  envira-gallery-bottom-left\"><\/div><div class=\"envira-gallery-position-overlay  envira-gallery-bottom-right\"><\/div><a href=\"https:\/\/geriano.sk\/wp-content\/uploads\/2025\/01\/3.jpg\" class=\"envira-gallery-3166 envira-gallery-link\" rel=\"enviragallery3166\" title=\"3\" data-envira-caption=\"3\" data-envira-retina=\"\" data-thumbnail=\"\"  itemprop=\"contentUrl\"><img decoding=\"async\" id=\"envira-gallery-image-3169\" class=\"envira-gallery-image envira-gallery-image-3 envira-normal envira-lazy\" data-envira-index=\"3\" src=\"http:\/\/geriano.sk\/wp-content\/uploads\/2025\/01\/3-1024x883-640x480.jpg\" data-envira-src=\"http:\/\/geriano.sk\/wp-content\/uploads\/2025\/01\/3-1024x883-640x480.jpg\" data-envira-gallery-id=\"3166\" data-envira-item-id=\"3169\" data-envira-caption=\"3\" alt=\"\" title=\"3\"  itemprop=\"thumbnailUrl\" data-envira-srcset=\"http:\/\/geriano.sk\/wp-content\/uploads\/2025\/01\/3-1024x883-640x480.jpg 400w,http:\/\/geriano.sk\/wp-content\/uploads\/2025\/01\/3-1024x883-640x480.jpg 2x\" data-envira-width=\"300\" data-envira-height=\"259\" srcset=\"data:image\/gif;base64,R0lGODlhAQABAIAAAP\/\/\/\/\/\/\/yH5BAEKAAEALAAAAAABAAEAAAICTAEAOw==\" data-safe-src=\"data:image\/gif;base64,R0lGODlhAQABAIAAAP\/\/\/\/\/\/\/yH5BAEKAAEALAAAAAABAAEAAAICTAEAOw==\" \/><\/a><\/div><\/div><div id=\"envira-gallery-item-3173\" class=\"envira-gallery-item enviratope-item envira-gallery-item-4 envira-lazy-load\" style=\"padding-left: 1px; padding-bottom: 1px; padding-right: 1px;\"  itemscope itemtype=\"https:\/\/schema.org\/ImageObject\"><div class=\"envira-gallery-item-inner\"><div class=\"envira-gallery-position-overlay  envira-gallery-top-left\"><\/div><div class=\"envira-gallery-position-overlay  envira-gallery-top-right\"><\/div><div class=\"envira-gallery-position-overlay  envira-gallery-bottom-left\"><\/div><div class=\"envira-gallery-position-overlay  envira-gallery-bottom-right\"><\/div><a href=\"https:\/\/geriano.sk\/wp-content\/uploads\/2025\/01\/4.jpg\" class=\"envira-gallery-3166 envira-gallery-link\" rel=\"enviragallery3166\" title=\"4\" data-envira-caption=\"4\" data-envira-retina=\"\" data-thumbnail=\"\"  itemprop=\"contentUrl\"><img decoding=\"async\" id=\"envira-gallery-image-3173\" class=\"envira-gallery-image envira-gallery-image-4 envira-normal envira-lazy\" data-envira-index=\"4\" src=\"http:\/\/geriano.sk\/wp-content\/uploads\/2025\/01\/4-1024x768-640x480.jpg\" data-envira-src=\"http:\/\/geriano.sk\/wp-content\/uploads\/2025\/01\/4-1024x768-640x480.jpg\" data-envira-gallery-id=\"3166\" data-envira-item-id=\"3173\" data-envira-caption=\"4\" alt=\"\" title=\"4\"  itemprop=\"thumbnailUrl\" data-envira-srcset=\"http:\/\/geriano.sk\/wp-content\/uploads\/2025\/01\/4-1024x768-640x480.jpg 400w,http:\/\/geriano.sk\/wp-content\/uploads\/2025\/01\/4-1024x768-640x480.jpg 2x\" data-envira-width=\"300\" data-envira-height=\"225\" srcset=\"data:image\/gif;base64,R0lGODlhAQABAIAAAP\/\/\/\/\/\/\/yH5BAEKAAEALAAAAAABAAEAAAICTAEAOw==\" data-safe-src=\"data:image\/gif;base64,R0lGODlhAQABAIAAAP\/\/\/\/\/\/\/yH5BAEKAAEALAAAAAABAAEAAAICTAEAOw==\" \/><\/a><\/div><\/div><div id=\"envira-gallery-item-3170\" class=\"envira-gallery-item enviratope-item envira-gallery-item-5 envira-lazy-load\" style=\"padding-left: 1px; padding-bottom: 1px; padding-right: 1px;\"  itemscope itemtype=\"https:\/\/schema.org\/ImageObject\"><div class=\"envira-gallery-item-inner\"><div class=\"envira-gallery-position-overlay  envira-gallery-top-left\"><\/div><div class=\"envira-gallery-position-overlay  envira-gallery-top-right\"><\/div><div class=\"envira-gallery-position-overlay  envira-gallery-bottom-left\"><\/div><div class=\"envira-gallery-position-overlay  envira-gallery-bottom-right\"><\/div><a href=\"https:\/\/geriano.sk\/wp-content\/uploads\/2025\/01\/5.jpg\" class=\"envira-gallery-3166 envira-gallery-link\" rel=\"enviragallery3166\" title=\"5\" data-envira-caption=\"5\" data-envira-retina=\"\" data-thumbnail=\"\"  itemprop=\"contentUrl\"><img decoding=\"async\" id=\"envira-gallery-image-3170\" class=\"envira-gallery-image envira-gallery-image-5 envira-normal envira-lazy\" data-envira-index=\"5\" src=\"http:\/\/geriano.sk\/wp-content\/uploads\/2025\/01\/5-1024x768-640x480.jpg\" data-envira-src=\"http:\/\/geriano.sk\/wp-content\/uploads\/2025\/01\/5-1024x768-640x480.jpg\" data-envira-gallery-id=\"3166\" data-envira-item-id=\"3170\" data-envira-caption=\"5\" alt=\"\" title=\"5\"  itemprop=\"thumbnailUrl\" data-envira-srcset=\"http:\/\/geriano.sk\/wp-content\/uploads\/2025\/01\/5-1024x768-640x480.jpg 400w,http:\/\/geriano.sk\/wp-content\/uploads\/2025\/01\/5-1024x768-640x480.jpg 2x\" data-envira-width=\"300\" data-envira-height=\"225\" srcset=\"data:image\/gif;base64,R0lGODlhAQABAIAAAP\/\/\/\/\/\/\/yH5BAEKAAEALAAAAAABAAEAAAICTAEAOw==\" data-safe-src=\"data:image\/gif;base64,R0lGODlhAQABAIAAAP\/\/\/\/\/\/\/yH5BAEKAAEALAAAAAABAAEAAAICTAEAOw==\" \/><\/a><\/div><\/div><div id=\"envira-gallery-item-3171\" class=\"envira-gallery-item enviratope-item envira-gallery-item-6 envira-lazy-load\" style=\"padding-left: 1px; padding-bottom: 1px; padding-right: 1px;\"  itemscope itemtype=\"https:\/\/schema.org\/ImageObject\"><div class=\"envira-gallery-item-inner\"><div class=\"envira-gallery-position-overlay  envira-gallery-top-left\"><\/div><div class=\"envira-gallery-position-overlay  envira-gallery-top-right\"><\/div><div class=\"envira-gallery-position-overlay  envira-gallery-bottom-left\"><\/div><div class=\"envira-gallery-position-overlay  envira-gallery-bottom-right\"><\/div><a href=\"https:\/\/geriano.sk\/wp-content\/uploads\/2025\/01\/7.jpg\" class=\"envira-gallery-3166 envira-gallery-link\" rel=\"enviragallery3166\" title=\"7\" data-envira-caption=\"7\" data-envira-retina=\"\" data-thumbnail=\"\"  itemprop=\"contentUrl\"><img decoding=\"async\" id=\"envira-gallery-image-3171\" class=\"envira-gallery-image envira-gallery-image-6 envira-normal envira-lazy\" data-envira-index=\"6\" src=\"http:\/\/geriano.sk\/wp-content\/uploads\/2025\/01\/7-1024x771-640x480.jpg\" data-envira-src=\"http:\/\/geriano.sk\/wp-content\/uploads\/2025\/01\/7-1024x771-640x480.jpg\" data-envira-gallery-id=\"3166\" data-envira-item-id=\"3171\" data-envira-caption=\"7\" alt=\"\" title=\"7\"  itemprop=\"thumbnailUrl\" data-envira-srcset=\"http:\/\/geriano.sk\/wp-content\/uploads\/2025\/01\/7-1024x771-640x480.jpg 400w,http:\/\/geriano.sk\/wp-content\/uploads\/2025\/01\/7-1024x771-640x480.jpg 2x\" data-envira-width=\"300\" data-envira-height=\"226\" srcset=\"data:image\/gif;base64,R0lGODlhAQABAIAAAP\/\/\/\/\/\/\/yH5BAEKAAEALAAAAAABAAEAAAICTAEAOw==\" data-safe-src=\"data:image\/gif;base64,R0lGODlhAQABAIAAAP\/\/\/\/\/\/\/yH5BAEKAAEALAAAAAABAAEAAAICTAEAOw==\" \/><\/a><\/div><\/div><div id=\"envira-gallery-item-3172\" class=\"envira-gallery-item enviratope-item envira-gallery-item-7 envira-lazy-load\" style=\"padding-left: 1px; padding-bottom: 1px; padding-right: 1px;\"  itemscope itemtype=\"https:\/\/schema.org\/ImageObject\"><div class=\"envira-gallery-item-inner\"><div class=\"envira-gallery-position-overlay  envira-gallery-top-left\"><\/div><div class=\"envira-gallery-position-overlay  envira-gallery-top-right\"><\/div><div class=\"envira-gallery-position-overlay  envira-gallery-bottom-left\"><\/div><div class=\"envira-gallery-position-overlay  envira-gallery-bottom-right\"><\/div><a href=\"https:\/\/geriano.sk\/wp-content\/uploads\/2025\/01\/9.jpg\" class=\"envira-gallery-3166 envira-gallery-link\" rel=\"enviragallery3166\" title=\"9\" data-envira-caption=\"9\" data-envira-retina=\"\" data-thumbnail=\"\"  itemprop=\"contentUrl\"><img decoding=\"async\" id=\"envira-gallery-image-3172\" class=\"envira-gallery-image envira-gallery-image-7 envira-normal envira-lazy\" data-envira-index=\"7\" src=\"http:\/\/geriano.sk\/wp-content\/uploads\/2025\/01\/9-1024x771-640x480.jpg\" data-envira-src=\"http:\/\/geriano.sk\/wp-content\/uploads\/2025\/01\/9-1024x771-640x480.jpg\" data-envira-gallery-id=\"3166\" data-envira-item-id=\"3172\" data-envira-caption=\"9\" alt=\"\" title=\"9\"  itemprop=\"thumbnailUrl\" data-envira-srcset=\"http:\/\/geriano.sk\/wp-content\/uploads\/2025\/01\/9-1024x771-640x480.jpg 400w,http:\/\/geriano.sk\/wp-content\/uploads\/2025\/01\/9-1024x771-640x480.jpg 2x\" data-envira-width=\"300\" data-envira-height=\"226\" srcset=\"data:image\/gif;base64,R0lGODlhAQABAIAAAP\/\/\/\/\/\/\/yH5BAEKAAEALAAAAAABAAEAAAICTAEAOw==\" data-safe-src=\"data:image\/gif;base64,R0lGODlhAQABAIAAAP\/\/\/\/\/\/\/yH5BAEKAAEALAAAAAABAAEAAAICTAEAOw==\" \/><\/a><\/div><\/div><\/div><\/div><noscript><img decoding=\"async\" src=\"http:\/\/geriano.sk\/wp-content\/uploads\/2025\/01\/1.jpg\" alt=\"\" \/><img decoding=\"async\" src=\"http:\/\/geriano.sk\/wp-content\/uploads\/2025\/01\/2.jpg\" alt=\"\" \/><img decoding=\"async\" src=\"http:\/\/geriano.sk\/wp-content\/uploads\/2025\/01\/3.jpg\" alt=\"\" \/><img decoding=\"async\" src=\"http:\/\/geriano.sk\/wp-content\/uploads\/2025\/01\/4.jpg\" alt=\"\" \/><img decoding=\"async\" src=\"http:\/\/geriano.sk\/wp-content\/uploads\/2025\/01\/5.jpg\" alt=\"\" \/><img decoding=\"async\" src=\"http:\/\/geriano.sk\/wp-content\/uploads\/2025\/01\/7.jpg\" alt=\"\" \/><img decoding=\"async\" src=\"http:\/\/geriano.sk\/wp-content\/uploads\/2025\/01\/9.jpg\" alt=\"\" \/><\/noscript><\/div>\n","protected":false},"excerpt":{"rendered":"<p>Oslava 7. v\u00fdro\u010dia otvorenia a spustenia prev\u00e1dzky zariadenia pre seniorov GERIA, n. o.<\/p>\n","protected":false},"author":1,"featured_media":0,"parent":0,"menu_order":0,"comment_status":"closed","ping_status":"closed","template":"","meta":{"footnotes":""},"class_list":["post-3163","page","type-page","status-publish","hentry"],"_links":{"self":[{"href":"http:\/\/geriano.sk\/index.php?rest_route=\/wp\/v2\/pages\/3163","targetHints":{"allow":["GET"]}}],"collection":[{"href":"http:\/\/geriano.sk\/index.php?rest_route=\/wp\/v2\/pages"}],"about":[{"href":"http:\/\/geriano.sk\/index.php?rest_route=\/wp\/v2\/types\/page"}],"author":[{"embeddable":true,"href":"http:\/\/geriano.sk\/index.php?rest_route=\/wp\/v2\/users\/1"}],"replies":[{"embeddable":true,"href":"http:\/\/geriano.sk\/index.php?rest_route=%2Fwp%2Fv2%2Fcomments&post=3163"}],"version-history":[{"count":3,"href":"http:\/\/geriano.sk\/index.php?rest_route=\/wp\/v2\/pages\/3163\/revisions"}],"predecessor-version":[{"id":3175,"href":"http:\/\/geriano.sk\/index.php?rest_route=\/wp\/v2\/pages\/3163\/revisions\/3175"}],"wp:attachment":[{"href":"http:\/\/geriano.sk\/index.php?rest_route=%2Fwp%2Fv2%2Fmedia&parent=3163"}],"curies":[{"name":"wp","href":"https:\/\/api.w.org\/{rel}","templated":true}]}}