{"id":2949,"date":"2024-03-18T13:35:46","date_gmt":"2024-03-18T12:35:46","guid":{"rendered":"http:\/\/geriano.sk\/?page_id=2949"},"modified":"2026-02-05T14:36:40","modified_gmt":"2026-02-05T13:36:40","slug":"dokumenty-pred-nastupom","status":"publish","type":"page","link":"http:\/\/geriano.sk\/?page_id=2949","title":{"rendered":"Dokumenty pred n\u00e1stupom"},"content":{"rendered":"\n<p>Tla\u010div\u00e1 na stiahnutie potrebn\u00e9 pri \u017eiadosti o prijatie do ZpS:<\/p>\n\n\n\n<div data-wp-interactive=\"core\/file\" class=\"wp-block-file\"><object data-wp-bind--hidden=\"!state.hasPdfPreview\" hidden class=\"wp-block-file__embed\" data=\"https:\/\/geriano.sk\/wp-content\/uploads\/2026\/02\/Ziadost-integrovany-posudok.pdf\" type=\"application\/pdf\" style=\"width:100%;height:600px\" aria-label=\"Vlo\u017ei\u0165 \u017diados\u0165 integrovan\u00fd posudok.\"><\/object><a id=\"wp-block-file--media-c2fc026b-8d29-4d42-92e2-9dc35516039c\" href=\"https:\/\/geriano.sk\/wp-content\/uploads\/2026\/02\/Ziadost-integrovany-posudok.pdf\">\u017diados\u0165 integrovan\u00fd posudok<\/a><a href=\"https:\/\/geriano.sk\/wp-content\/uploads\/2026\/02\/Ziadost-integrovany-posudok.pdf\" class=\"wp-block-file__button wp-element-button\" download aria-describedby=\"wp-block-file--media-c2fc026b-8d29-4d42-92e2-9dc35516039c\">Stiahnu\u0165<\/a><\/div>\n\n\n\n<div data-wp-interactive=\"core\/file\" class=\"wp-block-file\"><object data-wp-bind--hidden=\"!state.hasPdfPreview\" hidden class=\"wp-block-file__embed\" data=\"https:\/\/geriano.sk\/wp-content\/uploads\/2026\/02\/Sebahodnotiaci-dotaznik-osoby-nad-15-rokov.pdf\" type=\"application\/pdf\" style=\"width:100%;height:600px\" aria-label=\"Vlo\u017ei\u0165 Sebahodnotiaci-dotaznik-osoby-nad-15-rokov.\"><\/object><a id=\"wp-block-file--media-70a5bf54-2255-4214-b7ee-3704e87504c4\" href=\"https:\/\/geriano.sk\/wp-content\/uploads\/2026\/02\/Sebahodnotiaci-dotaznik-osoby-nad-15-rokov.pdf\">Sebahodnotiaci-dotaznik-osoby-nad-15-rokov<\/a><a href=\"https:\/\/geriano.sk\/wp-content\/uploads\/2026\/02\/Sebahodnotiaci-dotaznik-osoby-nad-15-rokov.pdf\" class=\"wp-block-file__button wp-element-button\" download aria-describedby=\"wp-block-file--media-70a5bf54-2255-4214-b7ee-3704e87504c4\">Stiahnu\u0165<\/a><\/div>\n\n\n\n<div class=\"wp-block-file\"><a id=\"wp-block-file--media-c070d3a3-b7f4-46d8-aaeb-5f13748ff494\" href=\"https:\/\/geriano.sk\/wp-content\/uploads\/2026\/02\/Lekarsky-nalez-na-ucely-integrovanej-posudkovej-cinnosti.doc\">Lek\u00e1rsk\u00fd n\u00e1lez na \u00fa\u010dely integrovanej posudkovej \u010dinnosti<\/a><a href=\"https:\/\/geriano.sk\/wp-content\/uploads\/2026\/02\/Lekarsky-nalez-na-ucely-integrovanej-posudkovej-cinnosti.doc\" class=\"wp-block-file__button wp-element-button\" download aria-describedby=\"wp-block-file--media-c070d3a3-b7f4-46d8-aaeb-5f13748ff494\">Stiahnu\u0165<\/a><\/div>\n\n\n\n<div data-wp-interactive=\"core\/file\" class=\"wp-block-file\"><object data-wp-bind--hidden=\"!state.hasPdfPreview\" hidden class=\"wp-block-file__embed\" data=\"https:\/\/geriano.sk\/wp-content\/uploads\/2026\/02\/Ziadost-o-zabezpecenie-poskytovania-socialnej-sluzby-GERIA-n.o.pdf\" type=\"application\/pdf\" style=\"width:100%;height:600px\" aria-label=\"Vlo\u017ei\u0165 \u017diados\u0165 o zabezpe\u010denie poskytovania soci\u00e1lnej slu\u017eby - GERIA, n.o..\"><\/object><a id=\"wp-block-file--media-94ba8110-7e2f-4554-a319-763e0adc09fb\" href=\"https:\/\/geriano.sk\/wp-content\/uploads\/2026\/02\/Ziadost-o-zabezpecenie-poskytovania-socialnej-sluzby-GERIA-n.o.pdf\">\u017diados\u0165 o zabezpe\u010denie poskytovania soci\u00e1lnej slu\u017eby &#8211; GERIA, n.o.<\/a><a href=\"https:\/\/geriano.sk\/wp-content\/uploads\/2026\/02\/Ziadost-o-zabezpecenie-poskytovania-socialnej-sluzby-GERIA-n.o.pdf\" class=\"wp-block-file__button wp-element-button\" download aria-describedby=\"wp-block-file--media-94ba8110-7e2f-4554-a319-763e0adc09fb\">Stiahnu\u0165<\/a><\/div>\n\n\n\n<div data-wp-interactive=\"core\/file\" class=\"wp-block-file\"><object data-wp-bind--hidden=\"!state.hasPdfPreview\" hidden class=\"wp-block-file__embed\" data=\"https:\/\/geriano.sk\/wp-content\/uploads\/2026\/02\/Vyhlasenie-o-majetku-fyzickej-osoby-na-ucely-platenia-uhrady-za-socialnu-sluzbu.pdf\" type=\"application\/pdf\" style=\"width:100%;height:600px\" aria-label=\"Vlo\u017ei\u0165 Vyhl\u00e1senie o majetku fyzickej osoby na \u00fa\u010dely platenia \u00fahrady za soci\u00e1lnu slu\u017ebu.\"><\/object><a id=\"wp-block-file--media-77f3ad94-0acf-47a6-9296-e5401216042e\" href=\"https:\/\/geriano.sk\/wp-content\/uploads\/2026\/02\/Vyhlasenie-o-majetku-fyzickej-osoby-na-ucely-platenia-uhrady-za-socialnu-sluzbu.pdf\">Vyhl\u00e1senie o majetku fyzickej osoby na \u00fa\u010dely platenia \u00fahrady za soci\u00e1lnu slu\u017ebu<\/a><a href=\"https:\/\/geriano.sk\/wp-content\/uploads\/2026\/02\/Vyhlasenie-o-majetku-fyzickej-osoby-na-ucely-platenia-uhrady-za-socialnu-sluzbu.pdf\" class=\"wp-block-file__button wp-element-button\" download aria-describedby=\"wp-block-file--media-77f3ad94-0acf-47a6-9296-e5401216042e\">Stiahnu\u0165<\/a><\/div>\n\n\n\n<p><strong>Online sp\u00f4sob podania \u017eiadosti <\/strong>&#8211; <strong>Nova \u017eiados\u0165 na umiestnenie klienta &#8211; vyplnenie: <\/strong> <\/p>\n\n\n\n<p><a href=\"https:\/\/dods.sk\/ziadost?id=a1ae4\" target=\"_blank\" rel=\"noreferrer noopener\">Online &#8211; \u017diados\u0165<\/a><\/p>\n","protected":false},"excerpt":{"rendered":"<p>Tla\u010div\u00e1 na stiahnutie potrebn\u00e9 pri \u017eiadosti o prijatie do ZpS: Online sp\u00f4sob podania \u017eiadosti &#8211; Nova \u017eiados\u0165 na umiestnenie klienta[&#8230;]<\/p>\n","protected":false},"author":1,"featured_media":0,"parent":0,"menu_order":0,"comment_status":"closed","ping_status":"closed","template":"","meta":{"footnotes":""},"class_list":["post-2949","page","type-page","status-publish","hentry"],"_links":{"self":[{"href":"http:\/\/geriano.sk\/index.php?rest_route=\/wp\/v2\/pages\/2949","targetHints":{"allow":["GET"]}}],"collection":[{"href":"http:\/\/geriano.sk\/index.php?rest_route=\/wp\/v2\/pages"}],"about":[{"href":"http:\/\/geriano.sk\/index.php?rest_route=\/wp\/v2\/types\/page"}],"author":[{"embeddable":true,"href":"http:\/\/geriano.sk\/index.php?rest_route=\/wp\/v2\/users\/1"}],"replies":[{"embeddable":true,"href":"http:\/\/geriano.sk\/index.php?rest_route=%2Fwp%2Fv2%2Fcomments&post=2949"}],"version-history":[{"count":6,"href":"http:\/\/geriano.sk\/index.php?rest_route=\/wp\/v2\/pages\/2949\/revisions"}],"predecessor-version":[{"id":3259,"href":"http:\/\/geriano.sk\/index.php?rest_route=\/wp\/v2\/pages\/2949\/revisions\/3259"}],"wp:attachment":[{"href":"http:\/\/geriano.sk\/index.php?rest_route=%2Fwp%2Fv2%2Fmedia&parent=2949"}],"curies":[{"name":"wp","href":"https:\/\/api.w.org\/{rel}","templated":true}]}}