{"id":2432,"date":"2023-01-11T10:35:57","date_gmt":"2023-01-11T09:35:57","guid":{"rendered":"http:\/\/geriano.sk\/?page_id=2432"},"modified":"2023-07-11T11:28:44","modified_gmt":"2023-07-11T09:28:44","slug":"dary","status":"publish","type":"page","link":"http:\/\/geriano.sk\/?page_id=2432","title":{"rendered":"Dary a darcovia"},"content":{"rendered":"\n<p>Ob\u010dania m\u00f4\u017eu zariadeniu pre seniorov <strong>GERIA, n.o.<\/strong> dobrovo\u013ene darova\u0165 <strong>finan\u010dn\u00e9<\/strong> (pe\u0148a\u017en\u00e9) alebo <strong>vecn\u00e9 <\/strong>(nepe\u0148a\u017en\u00e9) dary, v\u010faka ktor\u00fdm m\u00f4\u017eeme zlep\u0161ova\u0165 a zvy\u0161ova\u0165 kvalitu \u017eivota na\u0161ich prij\u00edmate\u013eov soci\u00e1lnej slu\u017eby ale aj prispie\u0165 na&nbsp;rozvoj ZpS (v z\u00e1vislosti od \u00fa\u010delu daru). Dary s\u00fa opr\u00e1vnen\u00ed prevzia\u0165 riadite\u013e a&nbsp;soci\u00e1lny pracovn\u00edk.<\/p>\n\n\n\n<p>Postup pri darovan\u00ed je nasledovn\u00fd:<\/p>\n\n\n\n<p><strong>Finan\u010dn\u00fd dar (pe\u0148a\u017en\u00fd)<\/strong><\/p>\n\n\n\n<p>Zamestnanec preberaj\u00faci dar sp\u00ed\u0161e spolu s&nbsp;darcom <strong>Darovaciu zmluvu \u2013 Finan\u010dn\u00fd dar,<\/strong> kde sa uv\u00e1dza v\u00fd\u0161ka daru v eur, sp\u00f4sob a&nbsp;\u00fa\u010del pou\u017eitia daru. Finan\u010dn\u00fd (pe\u0148a\u017en\u00fd) dar m\u00f4\u017ee by\u0165 prijat\u00fd hotovostnou formou do prev\u00e1dzkovej pokladne zariadenia pre seniorov GERIA, n. o. alebo prevodom, vkladom na bankov\u00fd \u00fa\u010det.<\/p>\n\n\n\n<div data-wp-interactive=\"core\/file\" class=\"wp-block-file\"><object data-wp-bind--hidden=\"!state.hasPdfPreview\" hidden class=\"wp-block-file__embed\" data=\"http:\/\/geriano.sk\/wp-content\/uploads\/2023\/07\/Priloha-c.1-Darovacia-zmluva-penazny-dar-GERIA-n.o.-Bankovy-prevod-vklad.pdf\" type=\"application\/pdf\" style=\"width:100%;height:600px\" aria-label=\"Vlo\u017ei\u0165 Pr\u00edloha \u010d.1 -Darovacia-zmluva-pen\u030caz\u030cny\u0301-dar -GERIA, n.o. - Bankov\u00fd prevod, vklad.\"><\/object><a id=\"wp-block-file--media-3cc53ff8-4fdd-49dc-b553-c4f922ad36e7\" href=\"http:\/\/geriano.sk\/wp-content\/uploads\/2023\/07\/Priloha-c.1-Darovacia-zmluva-penazny-dar-GERIA-n.o.-Bankovy-prevod-vklad.pdf\">Pr\u00edloha \u010d.1 -Darovacia-zmluva-pen\u030caz\u030cny\u0301-dar -GERIA, n.o. &#8211; Bankov\u00fd prevod, vklad<\/a><a href=\"http:\/\/geriano.sk\/wp-content\/uploads\/2023\/07\/Priloha-c.1-Darovacia-zmluva-penazny-dar-GERIA-n.o.-Bankovy-prevod-vklad.pdf\" class=\"wp-block-file__button wp-element-button\" download aria-describedby=\"wp-block-file--media-3cc53ff8-4fdd-49dc-b553-c4f922ad36e7\">Stiahnu\u0165<\/a><\/div>\n\n\n\n<div data-wp-interactive=\"core\/file\" class=\"wp-block-file\"><object data-wp-bind--hidden=\"!state.hasPdfPreview\" hidden class=\"wp-block-file__embed\" data=\"http:\/\/geriano.sk\/wp-content\/uploads\/2023\/07\/Priloha-c.1-Darovacia-zluva-penazny-dar-GERIA-n.o.-Hotovost.pdf\" type=\"application\/pdf\" style=\"width:100%;height:600px\" aria-label=\"Vlo\u017ei\u0165 Pr\u00edloha \u010d.1 - Darovacia zluva - pe\u0148a\u017en\u00fd dar - GERIA, n.o. - Hotovos\u0165.\"><\/object><a id=\"wp-block-file--media-3cc53ff8-4fdd-49dc-b553-c4f922ad36e7\" href=\"http:\/\/geriano.sk\/wp-content\/uploads\/2023\/07\/Priloha-c.1-Darovacia-zluva-penazny-dar-GERIA-n.o.-Hotovost.pdf\">Pr\u00edloha \u010d.1 &#8211; Darovacia zluva &#8211; pe\u0148a\u017en\u00fd dar &#8211; GERIA, n.o. &#8211; Hotovos\u0165<\/a><a href=\"http:\/\/geriano.sk\/wp-content\/uploads\/2023\/07\/Priloha-c.1-Darovacia-zluva-penazny-dar-GERIA-n.o.-Hotovost.pdf\" class=\"wp-block-file__button wp-element-button\" download aria-describedby=\"wp-block-file--media-3cc53ff8-4fdd-49dc-b553-c4f922ad36e7\">Stiahnu\u0165<\/a><\/div>\n\n\n\n<p><strong>Vecn\u00fd dar (nepe\u0148a\u017en\u00fd)<\/strong><\/p>\n\n\n\n<p>Zamestnanec preberaj\u00faci dar sp\u00ed\u0161e spolu s&nbsp;darcom <strong>\u201eDarovaciu zmluvu \u2013 Vecn\u00fd dar, <\/strong>kde sa uv\u00e1dza druh daru, sp\u00f4sob a&nbsp;\u00fa\u010del pou\u017eitia daru. K\u00f3piu Darovacej zmluvy odovzd\u00e1 darcovi. Darovacia zmluva mus\u00ed ma\u0165 p\u00edsomn\u00fa formu.<\/p>\n\n\n\n<div data-wp-interactive=\"core\/file\" class=\"wp-block-file\"><object data-wp-bind--hidden=\"!state.hasPdfPreview\" hidden class=\"wp-block-file__embed\" data=\"http:\/\/geriano.sk\/wp-content\/uploads\/2023\/07\/Priloha-c.2-Darovacia-zmluva-vecny-dar-GERIA-n.o.pdf\" type=\"application\/pdf\" style=\"width:100%;height:600px\" aria-label=\"Vlo\u017ei\u0165 Pr\u00edloha \u010d.2 - Darovacia-zmluva-vecn\u00fd-dar - GERIA, n.o..\"><\/object><a id=\"wp-block-file--media-0b2222d0-e317-4f80-b875-d2c90d68864c\" href=\"http:\/\/geriano.sk\/wp-content\/uploads\/2023\/07\/Priloha-c.2-Darovacia-zmluva-vecny-dar-GERIA-n.o.pdf\">Pr\u00edloha \u010d.2 &#8211; Darovacia-zmluva-vecn\u00fd-dar &#8211; GERIA, n.o.<\/a><a href=\"http:\/\/geriano.sk\/wp-content\/uploads\/2023\/07\/Priloha-c.2-Darovacia-zmluva-vecny-dar-GERIA-n.o.pdf\" class=\"wp-block-file__button wp-element-button\" download aria-describedby=\"wp-block-file--media-0b2222d0-e317-4f80-b875-d2c90d68864c\">Stiahnu\u0165<\/a><\/div>\n\n\n\n<p><strong>V&nbsp;pr\u00edpade, \u017ee sa darca rozhodnete osta\u0165 v&nbsp;anonymite,<\/strong>&nbsp;prekryj\u00fa sa pri zverej\u0148ovan\u00ed darovacej zmluvy identifika\u010dn\u00e9 \u00fadaje darcu.<\/p>\n\n\n\n<p><strong>Finan\u010dn\u00fd alebo vecn\u00fd dar m\u00f4\u017ee by\u0165 pou\u017eit\u00fd na&nbsp;ten \u00fa\u010del, na&nbsp;ktor\u00fd je pod\u013ea Darovacej zmluvy ur\u010den\u00fd.<\/strong>&nbsp;Na\u0161e zariadenie sa preto zav\u00e4zuje, \u017ee darovan\u00e9 prostriedky bud\u00fa pou\u017eit\u00e9 len na&nbsp;\u00fa\u010del, ktor\u00fd je menovan\u00fd v&nbsp;predmete Darovacej zmluvy. Zariadenie preuk\u00e1\u017ee na&nbsp;po\u017eiadanie darcu pou\u017eitie finan\u010dn\u00e9ho alebo vecn\u00e9ho daru.<\/p>\n\n\n\n<p><strong>V\u0160ETK\u00ddM DARCOM VOPRED SRDE\u010cNE \u010eAKUJEME!!!<\/strong><\/p>\n\n\n\n<p class=\"has-large-font-size\"><strong>ZOZNAM DARCOV<\/strong><\/p>\n","protected":false},"excerpt":{"rendered":"<p>Ob\u010dania m\u00f4\u017eu zariadeniu pre seniorov GERIA, n.o. dobrovo\u013ene darova\u0165 finan\u010dn\u00e9 (pe\u0148a\u017en\u00e9) alebo vecn\u00e9 (nepe\u0148a\u017en\u00e9) dary, v\u010faka ktor\u00fdm m\u00f4\u017eeme zlep\u0161ova\u0165 a[&#8230;]<\/p>\n","protected":false},"author":1,"featured_media":0,"parent":0,"menu_order":0,"comment_status":"closed","ping_status":"closed","template":"","meta":{"footnotes":""},"class_list":["post-2432","page","type-page","status-publish","hentry"],"_links":{"self":[{"href":"http:\/\/geriano.sk\/index.php?rest_route=\/wp\/v2\/pages\/2432","targetHints":{"allow":["GET"]}}],"collection":[{"href":"http:\/\/geriano.sk\/index.php?rest_route=\/wp\/v2\/pages"}],"about":[{"href":"http:\/\/geriano.sk\/index.php?rest_route=\/wp\/v2\/types\/page"}],"author":[{"embeddable":true,"href":"http:\/\/geriano.sk\/index.php?rest_route=\/wp\/v2\/users\/1"}],"replies":[{"embeddable":true,"href":"http:\/\/geriano.sk\/index.php?rest_route=%2Fwp%2Fv2%2Fcomments&post=2432"}],"version-history":[{"count":6,"href":"http:\/\/geriano.sk\/index.php?rest_route=\/wp\/v2\/pages\/2432\/revisions"}],"predecessor-version":[{"id":2727,"href":"http:\/\/geriano.sk\/index.php?rest_route=\/wp\/v2\/pages\/2432\/revisions\/2727"}],"wp:attachment":[{"href":"http:\/\/geriano.sk\/index.php?rest_route=%2Fwp%2Fv2%2Fmedia&parent=2432"}],"curies":[{"name":"wp","href":"https:\/\/api.w.org\/{rel}","templated":true}]}}