{"id":2212,"date":"2022-08-03T14:31:14","date_gmt":"2022-08-03T12:31:14","guid":{"rendered":"http:\/\/geriano.sk\/?page_id=2212"},"modified":"2024-02-21T14:41:35","modified_gmt":"2024-02-21T13:41:35","slug":"bezpecnostny-kamerovy-system-a-videovratnik","status":"publish","type":"page","link":"http:\/\/geriano.sk\/?page_id=2212","title":{"rendered":"Bezpe\u010dnostn\u00fd kamerov\u00fd system a videovr\u00e1tnik"},"content":{"rendered":"\n<p><strong>Bezpe\u010dnostn\u00fd kamerov\u00fd system a&nbsp;videovr\u00e1tnik<\/strong><\/p>\n\n\n\n<p><strong>ZMLUVA \u010d. 722\/2022\/OPR o&nbsp;poskytnut\u00ed dot\u00e1cie<\/strong> <\/p>\n\n\n\n<p><strong>\u201eProjekt podporen\u00fd z&nbsp;rozpo\u010dtu PSK\u201c.<\/strong><\/p>\n\n\n\n<div class=\"wp-block-envira-envira-gallery\"><div id=\"envira-gallery-wrap-2240\" class=\"envira-gallery-wrap envira-gallery-theme-base envira-lightbox-theme-base\" itemscope itemtype=\"https:\/\/schema.org\/ImageGallery\"><div data-row-height=\"150\" data-gallery-theme=\"normal\" id=\"envira-gallery-2240\" class=\"envira-gallery-public envira-gallery-justified-public envira-gallery-0-columns envira-clear enviratope envira-gallery-css-animations\" data-envira-columns=\"0\"><div id=\"envira-gallery-item-2219\" class=\"envira-gallery-item enviratope-item envira-gallery-item-1 envira-lazy-load\" style=\"padding-left: 1px; padding-bottom: 1px; padding-right: 1px;\"  itemscope itemtype=\"https:\/\/schema.org\/ImageObject\"><div class=\"envira-gallery-item-inner\"><div class=\"envira-gallery-position-overlay  envira-gallery-top-left\"><\/div><div class=\"envira-gallery-position-overlay  envira-gallery-top-right\"><\/div><div class=\"envira-gallery-position-overlay  envira-gallery-bottom-left\"><\/div><div class=\"envira-gallery-position-overlay  envira-gallery-bottom-right\"><\/div><a href=\"http:\/\/geriano.sk\/wp-content\/uploads\/2022\/09\/1.jpg\" class=\"envira-gallery-2240 envira-gallery-link\" rel=\"enviragallery2240\" title=\"Rackov&aacute; skri\u0148a 19&ldquo; \u010dierna uzamykate\u013en&aacute;, 6U plechov&aacute;\" data-envira-caption=\"Rackov&aacute; skri\u0148a 19&ldquo; \u010dierna uzamykate\u013en&aacute;, 6U plechov&aacute;\" data-envira-retina=\"\" data-thumbnail=\"\"  itemprop=\"contentUrl\"><img decoding=\"async\" id=\"envira-gallery-image-2219\" class=\"envira-gallery-image envira-gallery-image-1 envira-normal envira-lazy\" data-envira-index=\"1\" src=\"http:\/\/geriano.sk\/wp-content\/uploads\/2022\/09\/1-1024x768-640x480.jpg\" data-envira-src=\"http:\/\/geriano.sk\/wp-content\/uploads\/2022\/09\/1-1024x768-640x480.jpg\" data-envira-gallery-id=\"2240\" data-envira-item-id=\"2219\" data-envira-caption=\"Rackov&aacute; skri\u0148a 19&ldquo; \u010dierna uzamykate\u013en&aacute;, 6U plechov&aacute;\" alt=\"\" title=\"Rackov\u00e1 skri\u0148a 19\u201c \u010dierna uzamykate\u013en\u00e1, 6U plechov\u00e1\"  itemprop=\"thumbnailUrl\" data-envira-srcset=\"http:\/\/geriano.sk\/wp-content\/uploads\/2022\/09\/1-1024x768-640x480.jpg 400w,http:\/\/geriano.sk\/wp-content\/uploads\/2022\/09\/1-1024x768-640x480.jpg 2x\" data-envira-width=\"300\" data-envira-height=\"225\" srcset=\"data:image\/gif;base64,R0lGODlhAQABAIAAAP\/\/\/\/\/\/\/yH5BAEKAAEALAAAAAABAAEAAAICTAEAOw==\" data-safe-src=\"data:image\/gif;base64,R0lGODlhAQABAIAAAP\/\/\/\/\/\/\/yH5BAEKAAEALAAAAAABAAEAAAICTAEAOw==\" \/><\/a><\/div><\/div><div id=\"envira-gallery-item-2241\" class=\"envira-gallery-item enviratope-item envira-gallery-item-2 envira-lazy-load\" style=\"padding-left: 1px; padding-bottom: 1px; padding-right: 1px;\"  itemscope itemtype=\"https:\/\/schema.org\/ImageObject\"><div class=\"envira-gallery-item-inner\"><div class=\"envira-gallery-position-overlay  envira-gallery-top-left\"><\/div><div class=\"envira-gallery-position-overlay  envira-gallery-top-right\"><\/div><div class=\"envira-gallery-position-overlay  envira-gallery-bottom-left\"><\/div><div class=\"envira-gallery-position-overlay  envira-gallery-bottom-right\"><\/div><a href=\"http:\/\/geriano.sk\/wp-content\/uploads\/2022\/09\/najjjj.jpg\" class=\"envira-gallery-2240 envira-gallery-link\" rel=\"enviragallery2240\" title=\"Rackov&aacute; skri\u0148a 19&ldquo; \u010dierna uzamykate\u013en&aacute;, 6U plechov&aacute;\" data-envira-caption=\"Rackov&aacute; skri\u0148a 19&ldquo; \u010dierna uzamykate\u013en&aacute;, 6U plechov&aacute;\" data-envira-retina=\"\" data-thumbnail=\"\"  itemprop=\"contentUrl\"><img decoding=\"async\" id=\"envira-gallery-image-2241\" class=\"envira-gallery-image envira-gallery-image-2 envira-normal envira-lazy\" data-envira-index=\"2\" src=\"http:\/\/geriano.sk\/wp-content\/uploads\/2022\/09\/najjjj-640x480.jpg\" data-envira-src=\"http:\/\/geriano.sk\/wp-content\/uploads\/2022\/09\/najjjj-640x480.jpg\" data-envira-gallery-id=\"2240\" data-envira-item-id=\"2241\" data-envira-caption=\"Rackov&aacute; skri\u0148a 19&ldquo; \u010dierna uzamykate\u013en&aacute;, 6U plechov&aacute;\" alt=\"\" title=\"Rackov\u00e1 skri\u0148a 19\u201c \u010dierna uzamykate\u013en\u00e1, 6U plechov\u00e1\"  itemprop=\"thumbnailUrl\" data-envira-srcset=\"http:\/\/geriano.sk\/wp-content\/uploads\/2022\/09\/najjjj-640x480.jpg 400w,http:\/\/geriano.sk\/wp-content\/uploads\/2022\/09\/najjjj-640x480.jpg 2x\" data-envira-width=\"300\" data-envira-height=\"225\" srcset=\"data:image\/gif;base64,R0lGODlhAQABAIAAAP\/\/\/\/\/\/\/yH5BAEKAAEALAAAAAABAAEAAAICTAEAOw==\" data-safe-src=\"data:image\/gif;base64,R0lGODlhAQABAIAAAP\/\/\/\/\/\/\/yH5BAEKAAEALAAAAAABAAEAAAICTAEAOw==\" \/><\/a><\/div><\/div><div id=\"envira-gallery-item-2239\" class=\"envira-gallery-item enviratope-item envira-gallery-item-3 envira-lazy-load\" style=\"padding-left: 1px; padding-bottom: 1px; padding-right: 1px;\"  itemscope itemtype=\"https:\/\/schema.org\/ImageObject\"><div class=\"envira-gallery-item-inner\"><div class=\"envira-gallery-position-overlay  envira-gallery-top-left\"><\/div><div class=\"envira-gallery-position-overlay  envira-gallery-top-right\"><\/div><div class=\"envira-gallery-position-overlay  envira-gallery-bottom-left\"><\/div><div class=\"envira-gallery-position-overlay  envira-gallery-bottom-right\"><\/div><a href=\"http:\/\/geriano.sk\/wp-content\/uploads\/2022\/09\/thdhdht888.jpg\" class=\"envira-gallery-2240 envira-gallery-link\" rel=\"enviragallery2240\" title=\"Mikrotik router + POE switch +NVR4216-4Ks2 IP + Prap&auml;\u0165ov&aacute; ochrana\" data-envira-caption=\"Mikrotik router + POE switch +NVR4216-4Ks2 IP + Prap&auml;\u0165ov&aacute; ochrana\" data-envira-retina=\"\" data-thumbnail=\"\"  itemprop=\"contentUrl\"><img decoding=\"async\" id=\"envira-gallery-image-2239\" class=\"envira-gallery-image envira-gallery-image-3 envira-normal envira-lazy\" data-envira-index=\"3\" src=\"http:\/\/geriano.sk\/wp-content\/uploads\/2022\/09\/thdhdht888-1024x768-640x480.jpg\" data-envira-src=\"http:\/\/geriano.sk\/wp-content\/uploads\/2022\/09\/thdhdht888-1024x768-640x480.jpg\" data-envira-gallery-id=\"2240\" data-envira-item-id=\"2239\" data-envira-caption=\"Mikrotik router + POE switch +NVR4216-4Ks2 IP + Prap&auml;\u0165ov&aacute; ochrana\" alt=\"\" title=\"Mikrotik router + POE switch +NVR4216-4Ks2 IP + Prap\u00e4\u0165ov\u00e1 ochrana\"  itemprop=\"thumbnailUrl\" data-envira-srcset=\"http:\/\/geriano.sk\/wp-content\/uploads\/2022\/09\/thdhdht888-1024x768-640x480.jpg 400w,http:\/\/geriano.sk\/wp-content\/uploads\/2022\/09\/thdhdht888-1024x768-640x480.jpg 2x\" data-envira-width=\"300\" data-envira-height=\"225\" srcset=\"data:image\/gif;base64,R0lGODlhAQABAIAAAP\/\/\/\/\/\/\/yH5BAEKAAEALAAAAAABAAEAAAICTAEAOw==\" data-safe-src=\"data:image\/gif;base64,R0lGODlhAQABAIAAAP\/\/\/\/\/\/\/yH5BAEKAAEALAAAAAABAAEAAAICTAEAOw==\" \/><\/a><\/div><\/div><div id=\"envira-gallery-item-2236\" class=\"envira-gallery-item enviratope-item envira-gallery-item-4 envira-lazy-load\" style=\"padding-left: 1px; padding-bottom: 1px; padding-right: 1px;\"  itemscope itemtype=\"https:\/\/schema.org\/ImageObject\"><div class=\"envira-gallery-item-inner\"><div class=\"envira-gallery-position-overlay  envira-gallery-top-left\"><\/div><div class=\"envira-gallery-position-overlay  envira-gallery-top-right\"><\/div><div class=\"envira-gallery-position-overlay  envira-gallery-bottom-left\"><\/div><div class=\"envira-gallery-position-overlay  envira-gallery-bottom-right\"><\/div><a href=\"http:\/\/geriano.sk\/wp-content\/uploads\/2022\/09\/kamera3.jpg\" class=\"envira-gallery-2240 envira-gallery-link\" rel=\"enviragallery2240\" title=\"Vonkaj&scaron;ia kamera Dahua IPC &ndash; HFW3841T-ZAS - 3ks\" data-envira-caption=\"Vonkaj&scaron;ia kamera Dahua IPC &ndash; HFW3841T-ZAS - 3ks\" data-envira-retina=\"\" data-thumbnail=\"\"  itemprop=\"contentUrl\"><img decoding=\"async\" id=\"envira-gallery-image-2236\" class=\"envira-gallery-image envira-gallery-image-4 envira-normal envira-lazy\" data-envira-index=\"4\" src=\"http:\/\/geriano.sk\/wp-content\/uploads\/2022\/09\/kamera3-1024x768-640x480.jpg\" data-envira-src=\"http:\/\/geriano.sk\/wp-content\/uploads\/2022\/09\/kamera3-1024x768-640x480.jpg\" data-envira-gallery-id=\"2240\" data-envira-item-id=\"2236\" data-envira-caption=\"Vonkaj&scaron;ia kamera Dahua IPC &ndash; HFW3841T-ZAS - 3ks\" alt=\"\" title=\"Vonkaj\u0161ia kamera Dahua IPC \u2013 HFW3841T-ZAS - 3ks\"  itemprop=\"thumbnailUrl\" data-envira-srcset=\"http:\/\/geriano.sk\/wp-content\/uploads\/2022\/09\/kamera3-1024x768-640x480.jpg 400w,http:\/\/geriano.sk\/wp-content\/uploads\/2022\/09\/kamera3-1024x768-640x480.jpg 2x\" data-envira-width=\"300\" data-envira-height=\"225\" srcset=\"data:image\/gif;base64,R0lGODlhAQABAIAAAP\/\/\/\/\/\/\/yH5BAEKAAEALAAAAAABAAEAAAICTAEAOw==\" data-safe-src=\"data:image\/gif;base64,R0lGODlhAQABAIAAAP\/\/\/\/\/\/\/yH5BAEKAAEALAAAAAABAAEAAAICTAEAOw==\" \/><\/a><\/div><\/div><div id=\"envira-gallery-item-2235\" class=\"envira-gallery-item enviratope-item envira-gallery-item-5 envira-lazy-load\" style=\"padding-left: 1px; padding-bottom: 1px; padding-right: 1px;\"  itemscope itemtype=\"https:\/\/schema.org\/ImageObject\"><div class=\"envira-gallery-item-inner\"><div class=\"envira-gallery-position-overlay  envira-gallery-top-left\"><\/div><div class=\"envira-gallery-position-overlay  envira-gallery-top-right\"><\/div><div class=\"envira-gallery-position-overlay  envira-gallery-bottom-left\"><\/div><div class=\"envira-gallery-position-overlay  envira-gallery-bottom-right\"><\/div><a href=\"http:\/\/geriano.sk\/wp-content\/uploads\/2022\/09\/kamera-22.jpg\" class=\"envira-gallery-2240 envira-gallery-link\" rel=\"enviragallery2240\" title=\"Vn&uacute;torn&aacute; kamera Dahua IPC- HDW4631EMP- ASE - 7ks\" data-envira-caption=\"Vn&uacute;torn&aacute; kamera Dahua IPC- HDW4631EMP- ASE - 7ks\" data-envira-retina=\"\" data-thumbnail=\"\"  itemprop=\"contentUrl\"><img decoding=\"async\" id=\"envira-gallery-image-2235\" class=\"envira-gallery-image envira-gallery-image-5 envira-normal envira-lazy\" data-envira-index=\"5\" src=\"http:\/\/geriano.sk\/wp-content\/uploads\/2022\/09\/kamera-22-1024x768-640x480.jpg\" data-envira-src=\"http:\/\/geriano.sk\/wp-content\/uploads\/2022\/09\/kamera-22-1024x768-640x480.jpg\" data-envira-gallery-id=\"2240\" data-envira-item-id=\"2235\" data-envira-caption=\"Vn&uacute;torn&aacute; kamera Dahua IPC- HDW4631EMP- ASE - 7ks\" alt=\"\" title=\"Vn\u00fatorn\u00e1 kamera Dahua IPC- HDW4631EMP- ASE - 7ks\"  itemprop=\"thumbnailUrl\" data-envira-srcset=\"http:\/\/geriano.sk\/wp-content\/uploads\/2022\/09\/kamera-22-1024x768-640x480.jpg 400w,http:\/\/geriano.sk\/wp-content\/uploads\/2022\/09\/kamera-22-1024x768-640x480.jpg 2x\" data-envira-width=\"300\" data-envira-height=\"225\" srcset=\"data:image\/gif;base64,R0lGODlhAQABAIAAAP\/\/\/\/\/\/\/yH5BAEKAAEALAAAAAABAAEAAAICTAEAOw==\" data-safe-src=\"data:image\/gif;base64,R0lGODlhAQABAIAAAP\/\/\/\/\/\/\/yH5BAEKAAEALAAAAAABAAEAAAICTAEAOw==\" \/><\/a><\/div><\/div><div id=\"envira-gallery-item-2238\" class=\"envira-gallery-item enviratope-item envira-gallery-item-6 envira-lazy-load\" style=\"padding-left: 1px; padding-bottom: 1px; padding-right: 1px;\"  itemscope itemtype=\"https:\/\/schema.org\/ImageObject\"><div class=\"envira-gallery-item-inner\"><div class=\"envira-gallery-position-overlay  envira-gallery-top-left\"><\/div><div class=\"envira-gallery-position-overlay  envira-gallery-top-right\"><\/div><div class=\"envira-gallery-position-overlay  envira-gallery-bottom-left\"><\/div><div class=\"envira-gallery-position-overlay  envira-gallery-bottom-right\"><\/div><a href=\"http:\/\/geriano.sk\/wp-content\/uploads\/2022\/09\/seaetgfv.jpg\" class=\"envira-gallery-2240 envira-gallery-link\" rel=\"enviragallery2240\" title=\"Monitor na zobrazovanie obrazu z kamier, AOC, ve\u013ekos\u0165 24&ldquo; &ndash; 2ks\" data-envira-caption=\"Monitor na zobrazovanie obrazu z kamier, AOC, ve\u013ekos\u0165 24&ldquo; &ndash; 2ks\" data-envira-retina=\"\" data-thumbnail=\"\"  itemprop=\"contentUrl\"><img decoding=\"async\" id=\"envira-gallery-image-2238\" class=\"envira-gallery-image envira-gallery-image-6 envira-normal envira-lazy\" data-envira-index=\"6\" src=\"http:\/\/geriano.sk\/wp-content\/uploads\/2022\/09\/seaetgfv-1024x768-640x480.jpg\" data-envira-src=\"http:\/\/geriano.sk\/wp-content\/uploads\/2022\/09\/seaetgfv-1024x768-640x480.jpg\" data-envira-gallery-id=\"2240\" data-envira-item-id=\"2238\" data-envira-caption=\"Monitor na zobrazovanie obrazu z kamier, AOC, ve\u013ekos\u0165 24&ldquo; &ndash; 2ks\" alt=\"\" title=\"Monitor na zobrazovanie obrazu z kamier, AOC, ve\u013ekos\u0165 24\u201c \u2013 2ks\"  itemprop=\"thumbnailUrl\" data-envira-srcset=\"http:\/\/geriano.sk\/wp-content\/uploads\/2022\/09\/seaetgfv-1024x768-640x480.jpg 400w,http:\/\/geriano.sk\/wp-content\/uploads\/2022\/09\/seaetgfv-1024x768-640x480.jpg 2x\" data-envira-width=\"300\" data-envira-height=\"225\" srcset=\"data:image\/gif;base64,R0lGODlhAQABAIAAAP\/\/\/\/\/\/\/yH5BAEKAAEALAAAAAABAAEAAAICTAEAOw==\" data-safe-src=\"data:image\/gif;base64,R0lGODlhAQABAIAAAP\/\/\/\/\/\/\/yH5BAEKAAEALAAAAAABAAEAAAICTAEAOw==\" \/><\/a><\/div><\/div><div id=\"envira-gallery-item-2224\" class=\"envira-gallery-item enviratope-item envira-gallery-item-7 envira-lazy-load\" style=\"padding-left: 1px; padding-bottom: 1px; padding-right: 1px;\"  itemscope itemtype=\"https:\/\/schema.org\/ImageObject\"><div class=\"envira-gallery-item-inner\"><div class=\"envira-gallery-position-overlay  envira-gallery-top-left\"><\/div><div class=\"envira-gallery-position-overlay  envira-gallery-top-right\"><\/div><div class=\"envira-gallery-position-overlay  envira-gallery-bottom-left\"><\/div><div class=\"envira-gallery-position-overlay  envira-gallery-bottom-right\"><\/div><a href=\"http:\/\/geriano.sk\/wp-content\/uploads\/2022\/09\/302272271_832447141272562_3883890096646104911_n.jpg\" class=\"envira-gallery-2240 envira-gallery-link\" rel=\"enviragallery2240\" title=\"Vonkaj&scaron;ia jednotka videovr&aacute;tnika s 2 zvon\u010dekami a kamerou Dahua &ndash; 1ks\" data-envira-caption=\"Vonkaj&scaron;ia jednotka videovr&aacute;tnika s 2 zvon\u010dekami a kamerou Dahua &ndash; 1ks\" data-envira-retina=\"\" data-thumbnail=\"\"  itemprop=\"contentUrl\"><img decoding=\"async\" id=\"envira-gallery-image-2224\" class=\"envira-gallery-image envira-gallery-image-7 envira-normal envira-lazy\" data-envira-index=\"7\" src=\"http:\/\/geriano.sk\/wp-content\/uploads\/2022\/09\/302272271_832447141272562_3883890096646104911_n-1024x768-640x480.jpg\" data-envira-src=\"http:\/\/geriano.sk\/wp-content\/uploads\/2022\/09\/302272271_832447141272562_3883890096646104911_n-1024x768-640x480.jpg\" data-envira-gallery-id=\"2240\" data-envira-item-id=\"2224\" data-envira-caption=\"Vonkaj&scaron;ia jednotka videovr&aacute;tnika s 2 zvon\u010dekami a kamerou Dahua &ndash; 1ks\" alt=\"\" title=\"Vonkaj\u0161ia jednotka videovr\u00e1tnika s 2 zvon\u010dekami a kamerou Dahua \u2013 1ks\"  itemprop=\"thumbnailUrl\" data-envira-srcset=\"http:\/\/geriano.sk\/wp-content\/uploads\/2022\/09\/302272271_832447141272562_3883890096646104911_n-1024x768-640x480.jpg 400w,http:\/\/geriano.sk\/wp-content\/uploads\/2022\/09\/302272271_832447141272562_3883890096646104911_n-1024x768-640x480.jpg 2x\" data-envira-width=\"300\" data-envira-height=\"225\" srcset=\"data:image\/gif;base64,R0lGODlhAQABAIAAAP\/\/\/\/\/\/\/yH5BAEKAAEALAAAAAABAAEAAAICTAEAOw==\" data-safe-src=\"data:image\/gif;base64,R0lGODlhAQABAIAAAP\/\/\/\/\/\/\/yH5BAEKAAEALAAAAAABAAEAAAICTAEAOw==\" \/><\/a><\/div><\/div><div id=\"envira-gallery-item-2234\" class=\"envira-gallery-item enviratope-item envira-gallery-item-8 envira-lazy-load\" style=\"padding-left: 1px; padding-bottom: 1px; padding-right: 1px;\"  itemscope itemtype=\"https:\/\/schema.org\/ImageObject\"><div class=\"envira-gallery-item-inner\"><div class=\"envira-gallery-position-overlay  envira-gallery-top-left\"><\/div><div class=\"envira-gallery-position-overlay  envira-gallery-top-right\"><\/div><div class=\"envira-gallery-position-overlay  envira-gallery-bottom-left\"><\/div><div class=\"envira-gallery-position-overlay  envira-gallery-bottom-right\"><\/div><a href=\"http:\/\/geriano.sk\/wp-content\/uploads\/2022\/09\/huihukukuk6.jpg\" class=\"envira-gallery-2240 envira-gallery-link\" rel=\"enviragallery2240\" title=\"Monitor IP k videovr&aacute;tniku Dahua VTH2421FB- P  - 2ks\" data-envira-caption=\"Monitor IP k videovr&aacute;tniku Dahua VTH2421FB- P  - 2ks\" data-envira-retina=\"\" data-thumbnail=\"\"  itemprop=\"contentUrl\"><img decoding=\"async\" id=\"envira-gallery-image-2234\" class=\"envira-gallery-image envira-gallery-image-8 envira-normal envira-lazy\" data-envira-index=\"8\" src=\"http:\/\/geriano.sk\/wp-content\/uploads\/2022\/09\/huihukukuk6-640x480.jpg\" data-envira-src=\"http:\/\/geriano.sk\/wp-content\/uploads\/2022\/09\/huihukukuk6-640x480.jpg\" data-envira-gallery-id=\"2240\" data-envira-item-id=\"2234\" data-envira-caption=\"Monitor IP k videovr&aacute;tniku Dahua VTH2421FB- P  - 2ks\" alt=\"\" title=\"Monitor IP k videovr\u00e1tniku Dahua VTH2421FB- P  - 2ks\"  itemprop=\"thumbnailUrl\" data-envira-srcset=\"http:\/\/geriano.sk\/wp-content\/uploads\/2022\/09\/huihukukuk6-640x480.jpg 400w,http:\/\/geriano.sk\/wp-content\/uploads\/2022\/09\/huihukukuk6-640x480.jpg 2x\" data-envira-width=\"300\" data-envira-height=\"225\" srcset=\"data:image\/gif;base64,R0lGODlhAQABAIAAAP\/\/\/\/\/\/\/yH5BAEKAAEALAAAAAABAAEAAAICTAEAOw==\" data-safe-src=\"data:image\/gif;base64,R0lGODlhAQABAIAAAP\/\/\/\/\/\/\/yH5BAEKAAEALAAAAAABAAEAAAICTAEAOw==\" \/><\/a><\/div><\/div><div id=\"envira-gallery-item-2243\" class=\"envira-gallery-item enviratope-item envira-gallery-item-9 envira-lazy-load\" style=\"padding-left: 1px; padding-bottom: 1px; padding-right: 1px;\"  itemscope itemtype=\"https:\/\/schema.org\/ImageObject\"><div class=\"envira-gallery-item-inner\"><div class=\"envira-gallery-position-overlay  envira-gallery-top-left\"><\/div><div class=\"envira-gallery-position-overlay  envira-gallery-top-right\"><\/div><div class=\"envira-gallery-position-overlay  envira-gallery-bottom-left\"><\/div><div class=\"envira-gallery-position-overlay  envira-gallery-bottom-right\"><\/div><a href=\"http:\/\/geriano.sk\/wp-content\/uploads\/2022\/09\/obrazok-vyzva-1.jpg\" class=\"envira-gallery-2240 envira-gallery-link\" rel=\"enviragallery2240\" title=\"Informa\u010dn&aacute; tabu\u013ea V&Yacute;ZVA POSLANCOV PSK\" data-envira-caption=\"Informa\u010dn&aacute; tabu\u013ea V&Yacute;ZVA POSLANCOV PSK\" data-envira-retina=\"\" data-thumbnail=\"\"  itemprop=\"contentUrl\"><img decoding=\"async\" id=\"envira-gallery-image-2243\" class=\"envira-gallery-image envira-gallery-image-9 envira-normal envira-lazy\" data-envira-index=\"9\" src=\"http:\/\/geriano.sk\/wp-content\/uploads\/2022\/09\/obrazok-vyzva-1-640x480.jpg\" data-envira-src=\"http:\/\/geriano.sk\/wp-content\/uploads\/2022\/09\/obrazok-vyzva-1-640x480.jpg\" data-envira-gallery-id=\"2240\" data-envira-item-id=\"2243\" data-envira-caption=\"Informa\u010dn&aacute; tabu\u013ea V&Yacute;ZVA POSLANCOV PSK\" alt=\"\" title=\"Informa\u010dn\u00e1 tabu\u013ea V\u00ddZVA POSLANCOV PSK\"  itemprop=\"thumbnailUrl\" data-envira-srcset=\"http:\/\/geriano.sk\/wp-content\/uploads\/2022\/09\/obrazok-vyzva-1-640x480.jpg 400w,http:\/\/geriano.sk\/wp-content\/uploads\/2022\/09\/obrazok-vyzva-1-640x480.jpg 2x\" data-envira-width=\"300\" data-envira-height=\"214\" srcset=\"data:image\/gif;base64,R0lGODlhAQABAIAAAP\/\/\/\/\/\/\/yH5BAEKAAEALAAAAAABAAEAAAICTAEAOw==\" data-safe-src=\"data:image\/gif;base64,R0lGODlhAQABAIAAAP\/\/\/\/\/\/\/yH5BAEKAAEALAAAAAABAAEAAAICTAEAOw==\" \/><\/a><\/div><\/div><div id=\"envira-gallery-item-2226\" class=\"envira-gallery-item enviratope-item envira-gallery-item-10 envira-lazy-load\" style=\"padding-left: 1px; padding-bottom: 1px; padding-right: 1px;\"  itemscope itemtype=\"https:\/\/schema.org\/ImageObject\"><div class=\"envira-gallery-item-inner\"><div class=\"envira-gallery-position-overlay  envira-gallery-top-left\"><\/div><div class=\"envira-gallery-position-overlay  envira-gallery-top-right\"><\/div><div class=\"envira-gallery-position-overlay  envira-gallery-bottom-left\"><\/div><div class=\"envira-gallery-position-overlay  envira-gallery-bottom-right\"><\/div><a href=\"http:\/\/geriano.sk\/wp-content\/uploads\/2022\/09\/302424343_403535358559067_6452433983249380904_n.jpg\" class=\"envira-gallery-2240 envira-gallery-link\" rel=\"enviragallery2240\" title=\"302424343_403535358559067_6452433983249380904_n\" data-envira-caption=\"302424343_403535358559067_6452433983249380904_n\" data-envira-retina=\"\" data-thumbnail=\"\"  itemprop=\"contentUrl\"><img decoding=\"async\" id=\"envira-gallery-image-2226\" class=\"envira-gallery-image envira-gallery-image-10 envira-normal envira-lazy\" data-envira-index=\"10\" src=\"http:\/\/geriano.sk\/wp-content\/uploads\/2022\/09\/302424343_403535358559067_6452433983249380904_n-1024x768-640x480.jpg\" data-envira-src=\"http:\/\/geriano.sk\/wp-content\/uploads\/2022\/09\/302424343_403535358559067_6452433983249380904_n-1024x768-640x480.jpg\" data-envira-gallery-id=\"2240\" data-envira-item-id=\"2226\" data-envira-caption=\"302424343_403535358559067_6452433983249380904_n\" alt=\"\" title=\"302424343_403535358559067_6452433983249380904_n\"  itemprop=\"thumbnailUrl\" data-envira-srcset=\"http:\/\/geriano.sk\/wp-content\/uploads\/2022\/09\/302424343_403535358559067_6452433983249380904_n-1024x768-640x480.jpg 400w,http:\/\/geriano.sk\/wp-content\/uploads\/2022\/09\/302424343_403535358559067_6452433983249380904_n-1024x768-640x480.jpg 2x\" data-envira-width=\"300\" data-envira-height=\"225\" srcset=\"data:image\/gif;base64,R0lGODlhAQABAIAAAP\/\/\/\/\/\/\/yH5BAEKAAEALAAAAAABAAEAAAICTAEAOw==\" data-safe-src=\"data:image\/gif;base64,R0lGODlhAQABAIAAAP\/\/\/\/\/\/\/yH5BAEKAAEALAAAAAABAAEAAAICTAEAOw==\" \/><\/a><\/div><\/div><\/div><\/div><noscript><img decoding=\"async\" src=\"http:\/\/geriano.sk\/wp-content\/uploads\/2022\/09\/1.jpg\" alt=\"\" \/><img decoding=\"async\" src=\"http:\/\/geriano.sk\/wp-content\/uploads\/2022\/09\/najjjj.jpg\" alt=\"\" \/><img decoding=\"async\" src=\"http:\/\/geriano.sk\/wp-content\/uploads\/2022\/09\/thdhdht888.jpg\" alt=\"\" \/><img decoding=\"async\" src=\"http:\/\/geriano.sk\/wp-content\/uploads\/2022\/09\/kamera3.jpg\" alt=\"\" \/><img decoding=\"async\" src=\"http:\/\/geriano.sk\/wp-content\/uploads\/2022\/09\/kamera-22.jpg\" alt=\"\" \/><img decoding=\"async\" src=\"http:\/\/geriano.sk\/wp-content\/uploads\/2022\/09\/seaetgfv.jpg\" alt=\"\" \/><img decoding=\"async\" src=\"http:\/\/geriano.sk\/wp-content\/uploads\/2022\/09\/302272271_832447141272562_3883890096646104911_n.jpg\" alt=\"\" \/><img decoding=\"async\" src=\"http:\/\/geriano.sk\/wp-content\/uploads\/2022\/09\/huihukukuk6.jpg\" alt=\"\" \/><img decoding=\"async\" src=\"http:\/\/geriano.sk\/wp-content\/uploads\/2022\/09\/obrazok-vyzva-1.jpg\" alt=\"\" \/><img decoding=\"async\" src=\"http:\/\/geriano.sk\/wp-content\/uploads\/2022\/09\/302424343_403535358559067_6452433983249380904_n.jpg\" alt=\"\" \/><\/noscript><\/div>\n","protected":false},"excerpt":{"rendered":"<p>Bezpe\u010dnostn\u00fd kamerov\u00fd system a&nbsp;videovr\u00e1tnik ZMLUVA \u010d. 722\/2022\/OPR o&nbsp;poskytnut\u00ed dot\u00e1cie \u201eProjekt podporen\u00fd z&nbsp;rozpo\u010dtu PSK\u201c.<\/p>\n","protected":false},"author":1,"featured_media":0,"parent":0,"menu_order":0,"comment_status":"closed","ping_status":"closed","template":"","meta":{"footnotes":""},"class_list":["post-2212","page","type-page","status-publish","hentry"],"_links":{"self":[{"href":"http:\/\/geriano.sk\/index.php?rest_route=\/wp\/v2\/pages\/2212","targetHints":{"allow":["GET"]}}],"collection":[{"href":"http:\/\/geriano.sk\/index.php?rest_route=\/wp\/v2\/pages"}],"about":[{"href":"http:\/\/geriano.sk\/index.php?rest_route=\/wp\/v2\/types\/page"}],"author":[{"embeddable":true,"href":"http:\/\/geriano.sk\/index.php?rest_route=\/wp\/v2\/users\/1"}],"replies":[{"embeddable":true,"href":"http:\/\/geriano.sk\/index.php?rest_route=%2Fwp%2Fv2%2Fcomments&post=2212"}],"version-history":[{"count":6,"href":"http:\/\/geriano.sk\/index.php?rest_route=\/wp\/v2\/pages\/2212\/revisions"}],"predecessor-version":[{"id":2937,"href":"http:\/\/geriano.sk\/index.php?rest_route=\/wp\/v2\/pages\/2212\/revisions\/2937"}],"wp:attachment":[{"href":"http:\/\/geriano.sk\/index.php?rest_route=%2Fwp%2Fv2%2Fmedia&parent=2212"}],"curies":[{"name":"wp","href":"https:\/\/api.w.org\/{rel}","templated":true}]}}