{"id":1935,"date":"2022-04-10T15:02:52","date_gmt":"2022-04-10T13:02:52","guid":{"rendered":"http:\/\/geriano.sk\/?page_id=1935"},"modified":"2022-04-10T16:25:50","modified_gmt":"2022-04-10T14:25:50","slug":"projekt-realizovany-z-rozpoctu-mpsvar-sr","status":"publish","type":"page","link":"http:\/\/geriano.sk\/?page_id=1935","title":{"rendered":"Dot\u00e1cia MPSVR SR &#8211; Humanit\u00e1rna pomoc"},"content":{"rendered":"\n<p class=\"has-medium-font-size\"><strong>Humanit\u00e1rna pomoc poskytnut\u00e1 pod\u013ea \u00a79 ods. 3 a 4 z\u00e1kona o dot\u00e1ciach sa realizovala v\u010faka finan\u010dnej podpore MPSVaR SR<\/strong>.<\/p>\n\n\n\n<p class=\"has-medium-font-size\"><strong>\u010c\u00edslo zmluvy poskytnutej dot\u00e1cie: 13056\/2021-M_ORF<\/strong><\/p>\n\n\n\n<p class=\"has-medium-font-size\"><strong>V\u00fd\u0161ka poskytnutej dot\u00e1cie: 4 570eur<\/strong><\/p>\n\n\n\n<p class=\"has-medium-font-size\"><strong>Zrealizovan\u00fd projekt: \u201eN\u00e1kup zdravotn\u00edckych potrieb a&nbsp;ochrann\u00fdch pom\u00f4cok\u201c<\/strong><\/p>\n\n\n<a href=\"http:\/\/geriano.sk\/wp-content\/uploads\/2022\/04\/Priloha-c.-1-Ucel-poskytnutej-dotacie.pdf\" class=\"pdfemb-viewer\" style=\"\" data-width=\"max\" data-height=\"max\" data-toolbar=\"bottom\" data-toolbar-fixed=\"off\">Priloha-c.-1-Ucel-poskytnutej-dotacie<\/a>\n<p class=\"wp-block-pdfemb-pdf-embedder-viewer\"><\/p>\n\n\n<a href=\"http:\/\/geriano.sk\/wp-content\/uploads\/2022\/04\/Fotodokumentacia-Zoznam-zakupenych-poloziek-MPSVaR.pdf\" class=\"pdfemb-viewer\" style=\"\" data-width=\"max\" data-height=\"max\" data-toolbar=\"bottom\" data-toolbar-fixed=\"off\">Fotodokumentacia-Zoznam-zakupenych-poloziek-MPSVaR<\/a>\n<p class=\"wp-block-pdfemb-pdf-embedder-viewer\"><\/p>\n\n\n\n<p><\/p>\n","protected":false},"excerpt":{"rendered":"<p>Humanit\u00e1rna pomoc poskytnut\u00e1 pod\u013ea \u00a79 ods. 3 a 4 z\u00e1kona o dot\u00e1ciach sa realizovala v\u010faka finan\u010dnej podpore MPSVaR SR. \u010c\u00edslo[&#8230;]<\/p>\n","protected":false},"author":1,"featured_media":0,"parent":0,"menu_order":0,"comment_status":"closed","ping_status":"closed","template":"","meta":{"footnotes":""},"class_list":["post-1935","page","type-page","status-publish","hentry"],"_links":{"self":[{"href":"http:\/\/geriano.sk\/index.php?rest_route=\/wp\/v2\/pages\/1935","targetHints":{"allow":["GET"]}}],"collection":[{"href":"http:\/\/geriano.sk\/index.php?rest_route=\/wp\/v2\/pages"}],"about":[{"href":"http:\/\/geriano.sk\/index.php?rest_route=\/wp\/v2\/types\/page"}],"author":[{"embeddable":true,"href":"http:\/\/geriano.sk\/index.php?rest_route=\/wp\/v2\/users\/1"}],"replies":[{"embeddable":true,"href":"http:\/\/geriano.sk\/index.php?rest_route=%2Fwp%2Fv2%2Fcomments&post=1935"}],"version-history":[{"count":6,"href":"http:\/\/geriano.sk\/index.php?rest_route=\/wp\/v2\/pages\/1935\/revisions"}],"predecessor-version":[{"id":1953,"href":"http:\/\/geriano.sk\/index.php?rest_route=\/wp\/v2\/pages\/1935\/revisions\/1953"}],"wp:attachment":[{"href":"http:\/\/geriano.sk\/index.php?rest_route=%2Fwp%2Fv2%2Fmedia&parent=1935"}],"curies":[{"name":"wp","href":"https:\/\/api.w.org\/{rel}","templated":true}]}}