{"id":1908,"date":"2022-04-02T21:02:37","date_gmt":"2022-04-02T19:02:37","guid":{"rendered":"http:\/\/geriano.sk\/?page_id=1908"},"modified":"2023-01-05T15:52:52","modified_gmt":"2023-01-05T14:52:52","slug":"vyrocna-sprava","status":"publish","type":"page","link":"http:\/\/geriano.sk\/?page_id=1908","title":{"rendered":"V\u00fdro\u010dn\u00e1 spr\u00e1va"},"content":{"rendered":"\n<p><a href=\"https:\/\/www.finstat.sk\/50687018\/zavierka\" target=\"_blank\" rel=\"noreferrer noopener\">https:\/\/www.finstat.sk\/50687018\/zavierka<\/a><\/p>\n","protected":false},"excerpt":{"rendered":"<p>https:\/\/www.finstat.sk\/50687018\/zavierka<\/p>\n","protected":false},"author":1,"featured_media":0,"parent":0,"menu_order":0,"comment_status":"closed","ping_status":"closed","template":"","meta":{"footnotes":""},"class_list":["post-1908","page","type-page","status-publish","hentry"],"_links":{"self":[{"href":"http:\/\/geriano.sk\/index.php?rest_route=\/wp\/v2\/pages\/1908","targetHints":{"allow":["GET"]}}],"collection":[{"href":"http:\/\/geriano.sk\/index.php?rest_route=\/wp\/v2\/pages"}],"about":[{"href":"http:\/\/geriano.sk\/index.php?rest_route=\/wp\/v2\/types\/page"}],"author":[{"embeddable":true,"href":"http:\/\/geriano.sk\/index.php?rest_route=\/wp\/v2\/users\/1"}],"replies":[{"embeddable":true,"href":"http:\/\/geriano.sk\/index.php?rest_route=%2Fwp%2Fv2%2Fcomments&post=1908"}],"version-history":[{"count":5,"href":"http:\/\/geriano.sk\/index.php?rest_route=\/wp\/v2\/pages\/1908\/revisions"}],"predecessor-version":[{"id":2369,"href":"http:\/\/geriano.sk\/index.php?rest_route=\/wp\/v2\/pages\/1908\/revisions\/2369"}],"wp:attachment":[{"href":"http:\/\/geriano.sk\/index.php?rest_route=%2Fwp%2Fv2%2Fmedia&parent=1908"}],"curies":[{"name":"wp","href":"https:\/\/api.w.org\/{rel}","templated":true}]}}