{"id":1579,"date":"2021-08-29T17:38:56","date_gmt":"2021-08-29T15:38:56","guid":{"rendered":"http:\/\/geriano.sk\/?page_id=1579"},"modified":"2024-02-21T14:41:01","modified_gmt":"2024-02-21T13:41:01","slug":"nakup-gastro-zariadenia","status":"publish","type":"page","link":"http:\/\/geriano.sk\/?page_id=1579","title":{"rendered":"N\u00e1kup gastro zariadenia"},"content":{"rendered":"\n<p><strong>N\u00e1kup gastro zariadenia &#8211; \u00da PSK \u010d.1304\/2021\/OPR &#8211; \u201eProjekt je podporen\u00fd z rozpo\u010dtu PSK\u201c.<\/strong><\/p>\n\n\n\n<div class=\"wp-block-envira-envira-gallery\"><div id=\"envira-gallery-wrap-1578\" class=\"envira-gallery-wrap envira-gallery-theme-base envira-lightbox-theme-base\" itemscope itemtype=\"https:\/\/schema.org\/ImageGallery\"><div data-row-height=\"150\" data-gallery-theme=\"normal\" id=\"envira-gallery-1578\" class=\"envira-gallery-public envira-gallery-justified-public envira-gallery-0-columns envira-clear enviratope envira-gallery-css-animations\" data-envira-columns=\"0\"><div id=\"envira-gallery-item-1566\" class=\"envira-gallery-item enviratope-item envira-gallery-item-1 envira-lazy-load\" style=\"padding-left: 1px; padding-bottom: 1px; padding-right: 1px;\"  itemscope itemtype=\"https:\/\/schema.org\/ImageObject\"><div class=\"envira-gallery-item-inner\"><div class=\"envira-gallery-position-overlay  envira-gallery-top-left\"><\/div><div class=\"envira-gallery-position-overlay  envira-gallery-top-right\"><\/div><div class=\"envira-gallery-position-overlay  envira-gallery-bottom-left\"><\/div><div class=\"envira-gallery-position-overlay  envira-gallery-bottom-right\"><\/div><a href=\"http:\/\/geriano.sk\/wp-content\/uploads\/2021\/08\/1-1.jpg\" class=\"envira-gallery-1578 envira-gallery-link\" rel=\"enviragallery1578\" title=\"1\" data-envira-caption=\"1\" data-envira-retina=\"\" data-thumbnail=\"\"  itemprop=\"contentUrl\"><img decoding=\"async\" id=\"envira-gallery-image-1566\" class=\"envira-gallery-image envira-gallery-image-1 envira-normal envira-lazy\" data-envira-index=\"1\" src=\"http:\/\/geriano.sk\/wp-content\/uploads\/2021\/08\/1-1-640x480.jpg\" data-envira-src=\"http:\/\/geriano.sk\/wp-content\/uploads\/2021\/08\/1-1-640x480.jpg\" data-envira-gallery-id=\"1578\" data-envira-item-id=\"1566\" data-envira-caption=\"1\" alt=\"\" title=\"1\"  itemprop=\"thumbnailUrl\" data-envira-srcset=\"http:\/\/geriano.sk\/wp-content\/uploads\/2021\/08\/1-1-640x480.jpg 400w,http:\/\/geriano.sk\/wp-content\/uploads\/2021\/08\/1-1-640x480.jpg 2x\" data-envira-width=\"225\" data-envira-height=\"300\" srcset=\"data:image\/gif;base64,R0lGODlhAQABAIAAAP\/\/\/\/\/\/\/yH5BAEKAAEALAAAAAABAAEAAAICTAEAOw==\" data-safe-src=\"data:image\/gif;base64,R0lGODlhAQABAIAAAP\/\/\/\/\/\/\/yH5BAEKAAEALAAAAAABAAEAAAICTAEAOw==\" \/><\/a><\/div><\/div><div id=\"envira-gallery-item-1568\" class=\"envira-gallery-item enviratope-item envira-gallery-item-2 envira-lazy-load\" style=\"padding-left: 1px; padding-bottom: 1px; padding-right: 1px;\"  itemscope itemtype=\"https:\/\/schema.org\/ImageObject\"><div class=\"envira-gallery-item-inner\"><div class=\"envira-gallery-position-overlay  envira-gallery-top-left\"><\/div><div class=\"envira-gallery-position-overlay  envira-gallery-top-right\"><\/div><div class=\"envira-gallery-position-overlay  envira-gallery-bottom-left\"><\/div><div class=\"envira-gallery-position-overlay  envira-gallery-bottom-right\"><\/div><a href=\"http:\/\/geriano.sk\/wp-content\/uploads\/2021\/08\/3-1.jpg\" class=\"envira-gallery-1578 envira-gallery-link\" rel=\"enviragallery1578\" title=\"3\" data-envira-caption=\"3\" data-envira-retina=\"\" data-thumbnail=\"\"  itemprop=\"contentUrl\"><img decoding=\"async\" id=\"envira-gallery-image-1568\" class=\"envira-gallery-image envira-gallery-image-2 envira-normal envira-lazy\" data-envira-index=\"2\" src=\"http:\/\/geriano.sk\/wp-content\/uploads\/2021\/08\/3-1-640x480.jpg\" data-envira-src=\"http:\/\/geriano.sk\/wp-content\/uploads\/2021\/08\/3-1-640x480.jpg\" data-envira-gallery-id=\"1578\" data-envira-item-id=\"1568\" data-envira-caption=\"3\" alt=\"\" title=\"3\"  itemprop=\"thumbnailUrl\" data-envira-srcset=\"http:\/\/geriano.sk\/wp-content\/uploads\/2021\/08\/3-1-640x480.jpg 400w,http:\/\/geriano.sk\/wp-content\/uploads\/2021\/08\/3-1-640x480.jpg 2x\" data-envira-width=\"225\" data-envira-height=\"300\" srcset=\"data:image\/gif;base64,R0lGODlhAQABAIAAAP\/\/\/\/\/\/\/yH5BAEKAAEALAAAAAABAAEAAAICTAEAOw==\" data-safe-src=\"data:image\/gif;base64,R0lGODlhAQABAIAAAP\/\/\/\/\/\/\/yH5BAEKAAEALAAAAAABAAEAAAICTAEAOw==\" \/><\/a><\/div><\/div><div id=\"envira-gallery-item-1575\" class=\"envira-gallery-item enviratope-item envira-gallery-item-3 envira-lazy-load\" style=\"padding-left: 1px; padding-bottom: 1px; padding-right: 1px;\"  itemscope itemtype=\"https:\/\/schema.org\/ImageObject\"><div class=\"envira-gallery-item-inner\"><div class=\"envira-gallery-position-overlay  envira-gallery-top-left\"><\/div><div class=\"envira-gallery-position-overlay  envira-gallery-top-right\"><\/div><div class=\"envira-gallery-position-overlay  envira-gallery-bottom-left\"><\/div><div class=\"envira-gallery-position-overlay  envira-gallery-bottom-right\"><\/div><a href=\"http:\/\/geriano.sk\/wp-content\/uploads\/2021\/08\/10-1.jpg\" class=\"envira-gallery-1578 envira-gallery-link\" rel=\"enviragallery1578\" title=\"10\" data-envira-caption=\"10\" data-envira-retina=\"\" data-thumbnail=\"\"  itemprop=\"contentUrl\"><img decoding=\"async\" id=\"envira-gallery-image-1575\" class=\"envira-gallery-image envira-gallery-image-3 envira-normal envira-lazy\" data-envira-index=\"3\" src=\"http:\/\/geriano.sk\/wp-content\/uploads\/2021\/08\/10-1-640x480.jpg\" data-envira-src=\"http:\/\/geriano.sk\/wp-content\/uploads\/2021\/08\/10-1-640x480.jpg\" data-envira-gallery-id=\"1578\" data-envira-item-id=\"1575\" data-envira-caption=\"10\" alt=\"\" title=\"10\"  itemprop=\"thumbnailUrl\" data-envira-srcset=\"http:\/\/geriano.sk\/wp-content\/uploads\/2021\/08\/10-1-640x480.jpg 400w,http:\/\/geriano.sk\/wp-content\/uploads\/2021\/08\/10-1-640x480.jpg 2x\" data-envira-width=\"225\" data-envira-height=\"300\" srcset=\"data:image\/gif;base64,R0lGODlhAQABAIAAAP\/\/\/\/\/\/\/yH5BAEKAAEALAAAAAABAAEAAAICTAEAOw==\" data-safe-src=\"data:image\/gif;base64,R0lGODlhAQABAIAAAP\/\/\/\/\/\/\/yH5BAEKAAEALAAAAAABAAEAAAICTAEAOw==\" \/><\/a><\/div><\/div><div id=\"envira-gallery-item-1577\" class=\"envira-gallery-item enviratope-item envira-gallery-item-4 envira-lazy-load\" style=\"padding-left: 1px; padding-bottom: 1px; padding-right: 1px;\"  itemscope itemtype=\"https:\/\/schema.org\/ImageObject\"><div class=\"envira-gallery-item-inner\"><div class=\"envira-gallery-position-overlay  envira-gallery-top-left\"><\/div><div class=\"envira-gallery-position-overlay  envira-gallery-top-right\"><\/div><div class=\"envira-gallery-position-overlay  envira-gallery-bottom-left\"><\/div><div class=\"envira-gallery-position-overlay  envira-gallery-bottom-right\"><\/div><a href=\"http:\/\/geriano.sk\/wp-content\/uploads\/2021\/08\/12-1.jpg\" class=\"envira-gallery-1578 envira-gallery-link\" rel=\"enviragallery1578\" title=\"12\" data-envira-caption=\"12\" data-envira-retina=\"\" data-thumbnail=\"\"  itemprop=\"contentUrl\"><img decoding=\"async\" id=\"envira-gallery-image-1577\" class=\"envira-gallery-image envira-gallery-image-4 envira-normal envira-lazy\" data-envira-index=\"4\" src=\"http:\/\/geriano.sk\/wp-content\/uploads\/2021\/08\/12-1-640x480.jpg\" data-envira-src=\"http:\/\/geriano.sk\/wp-content\/uploads\/2021\/08\/12-1-640x480.jpg\" data-envira-gallery-id=\"1578\" data-envira-item-id=\"1577\" data-envira-caption=\"12\" alt=\"\" title=\"12\"  itemprop=\"thumbnailUrl\" data-envira-srcset=\"http:\/\/geriano.sk\/wp-content\/uploads\/2021\/08\/12-1-640x480.jpg 400w,http:\/\/geriano.sk\/wp-content\/uploads\/2021\/08\/12-1-640x480.jpg 2x\" data-envira-width=\"300\" data-envira-height=\"225\" srcset=\"data:image\/gif;base64,R0lGODlhAQABAIAAAP\/\/\/\/\/\/\/yH5BAEKAAEALAAAAAABAAEAAAICTAEAOw==\" data-safe-src=\"data:image\/gif;base64,R0lGODlhAQABAIAAAP\/\/\/\/\/\/\/yH5BAEKAAEALAAAAAABAAEAAAICTAEAOw==\" \/><\/a><\/div><\/div><div id=\"envira-gallery-item-1569\" class=\"envira-gallery-item enviratope-item envira-gallery-item-5 envira-lazy-load\" style=\"padding-left: 1px; padding-bottom: 1px; padding-right: 1px;\"  itemscope itemtype=\"https:\/\/schema.org\/ImageObject\"><div class=\"envira-gallery-item-inner\"><div class=\"envira-gallery-position-overlay  envira-gallery-top-left\"><\/div><div class=\"envira-gallery-position-overlay  envira-gallery-top-right\"><\/div><div class=\"envira-gallery-position-overlay  envira-gallery-bottom-left\"><\/div><div class=\"envira-gallery-position-overlay  envira-gallery-bottom-right\"><\/div><a href=\"http:\/\/geriano.sk\/wp-content\/uploads\/2021\/08\/4-1.jpg\" class=\"envira-gallery-1578 envira-gallery-link\" rel=\"enviragallery1578\" title=\"4\" data-envira-caption=\"4\" data-envira-retina=\"\" data-thumbnail=\"\"  itemprop=\"contentUrl\"><img decoding=\"async\" id=\"envira-gallery-image-1569\" class=\"envira-gallery-image envira-gallery-image-5 envira-normal envira-lazy\" data-envira-index=\"5\" src=\"http:\/\/geriano.sk\/wp-content\/uploads\/2021\/08\/4-1-640x480.jpg\" data-envira-src=\"http:\/\/geriano.sk\/wp-content\/uploads\/2021\/08\/4-1-640x480.jpg\" data-envira-gallery-id=\"1578\" data-envira-item-id=\"1569\" data-envira-caption=\"4\" alt=\"\" title=\"4\"  itemprop=\"thumbnailUrl\" data-envira-srcset=\"http:\/\/geriano.sk\/wp-content\/uploads\/2021\/08\/4-1-640x480.jpg 400w,http:\/\/geriano.sk\/wp-content\/uploads\/2021\/08\/4-1-640x480.jpg 2x\" data-envira-width=\"300\" data-envira-height=\"225\" srcset=\"data:image\/gif;base64,R0lGODlhAQABAIAAAP\/\/\/\/\/\/\/yH5BAEKAAEALAAAAAABAAEAAAICTAEAOw==\" data-safe-src=\"data:image\/gif;base64,R0lGODlhAQABAIAAAP\/\/\/\/\/\/\/yH5BAEKAAEALAAAAAABAAEAAAICTAEAOw==\" \/><\/a><\/div><\/div><div id=\"envira-gallery-item-1570\" class=\"envira-gallery-item enviratope-item envira-gallery-item-6 envira-lazy-load\" style=\"padding-left: 1px; padding-bottom: 1px; padding-right: 1px;\"  itemscope itemtype=\"https:\/\/schema.org\/ImageObject\"><div class=\"envira-gallery-item-inner\"><div class=\"envira-gallery-position-overlay  envira-gallery-top-left\"><\/div><div class=\"envira-gallery-position-overlay  envira-gallery-top-right\"><\/div><div class=\"envira-gallery-position-overlay  envira-gallery-bottom-left\"><\/div><div class=\"envira-gallery-position-overlay  envira-gallery-bottom-right\"><\/div><a href=\"http:\/\/geriano.sk\/wp-content\/uploads\/2021\/08\/5-1.jpg\" class=\"envira-gallery-1578 envira-gallery-link\" rel=\"enviragallery1578\" title=\"5\" data-envira-caption=\"5\" data-envira-retina=\"\" data-thumbnail=\"\"  itemprop=\"contentUrl\"><img decoding=\"async\" id=\"envira-gallery-image-1570\" class=\"envira-gallery-image envira-gallery-image-6 envira-normal envira-lazy\" data-envira-index=\"6\" src=\"http:\/\/geriano.sk\/wp-content\/uploads\/2021\/08\/5-1-640x480.jpg\" data-envira-src=\"http:\/\/geriano.sk\/wp-content\/uploads\/2021\/08\/5-1-640x480.jpg\" data-envira-gallery-id=\"1578\" data-envira-item-id=\"1570\" data-envira-caption=\"5\" alt=\"\" title=\"5\"  itemprop=\"thumbnailUrl\" data-envira-srcset=\"http:\/\/geriano.sk\/wp-content\/uploads\/2021\/08\/5-1-640x480.jpg 400w,http:\/\/geriano.sk\/wp-content\/uploads\/2021\/08\/5-1-640x480.jpg 2x\" data-envira-width=\"225\" data-envira-height=\"300\" srcset=\"data:image\/gif;base64,R0lGODlhAQABAIAAAP\/\/\/\/\/\/\/yH5BAEKAAEALAAAAAABAAEAAAICTAEAOw==\" data-safe-src=\"data:image\/gif;base64,R0lGODlhAQABAIAAAP\/\/\/\/\/\/\/yH5BAEKAAEALAAAAAABAAEAAAICTAEAOw==\" \/><\/a><\/div><\/div><div id=\"envira-gallery-item-1572\" class=\"envira-gallery-item enviratope-item envira-gallery-item-7 envira-lazy-load\" style=\"padding-left: 1px; padding-bottom: 1px; padding-right: 1px;\"  itemscope itemtype=\"https:\/\/schema.org\/ImageObject\"><div class=\"envira-gallery-item-inner\"><div class=\"envira-gallery-position-overlay  envira-gallery-top-left\"><\/div><div class=\"envira-gallery-position-overlay  envira-gallery-top-right\"><\/div><div class=\"envira-gallery-position-overlay  envira-gallery-bottom-left\"><\/div><div class=\"envira-gallery-position-overlay  envira-gallery-bottom-right\"><\/div><a href=\"http:\/\/geriano.sk\/wp-content\/uploads\/2021\/08\/7-1.jpg\" class=\"envira-gallery-1578 envira-gallery-link\" rel=\"enviragallery1578\" title=\"7\" data-envira-caption=\"7\" data-envira-retina=\"\" data-thumbnail=\"\"  itemprop=\"contentUrl\"><img decoding=\"async\" id=\"envira-gallery-image-1572\" class=\"envira-gallery-image envira-gallery-image-7 envira-normal envira-lazy\" data-envira-index=\"7\" src=\"http:\/\/geriano.sk\/wp-content\/uploads\/2021\/08\/7-1-640x480.jpg\" data-envira-src=\"http:\/\/geriano.sk\/wp-content\/uploads\/2021\/08\/7-1-640x480.jpg\" data-envira-gallery-id=\"1578\" data-envira-item-id=\"1572\" data-envira-caption=\"7\" alt=\"\" title=\"7\"  itemprop=\"thumbnailUrl\" data-envira-srcset=\"http:\/\/geriano.sk\/wp-content\/uploads\/2021\/08\/7-1-640x480.jpg 400w,http:\/\/geriano.sk\/wp-content\/uploads\/2021\/08\/7-1-640x480.jpg 2x\" data-envira-width=\"225\" data-envira-height=\"300\" srcset=\"data:image\/gif;base64,R0lGODlhAQABAIAAAP\/\/\/\/\/\/\/yH5BAEKAAEALAAAAAABAAEAAAICTAEAOw==\" data-safe-src=\"data:image\/gif;base64,R0lGODlhAQABAIAAAP\/\/\/\/\/\/\/yH5BAEKAAEALAAAAAABAAEAAAICTAEAOw==\" \/><\/a><\/div><\/div><div id=\"envira-gallery-item-1573\" class=\"envira-gallery-item enviratope-item envira-gallery-item-8 envira-lazy-load\" style=\"padding-left: 1px; padding-bottom: 1px; padding-right: 1px;\"  itemscope itemtype=\"https:\/\/schema.org\/ImageObject\"><div class=\"envira-gallery-item-inner\"><div class=\"envira-gallery-position-overlay  envira-gallery-top-left\"><\/div><div class=\"envira-gallery-position-overlay  envira-gallery-top-right\"><\/div><div class=\"envira-gallery-position-overlay  envira-gallery-bottom-left\"><\/div><div class=\"envira-gallery-position-overlay  envira-gallery-bottom-right\"><\/div><a href=\"http:\/\/geriano.sk\/wp-content\/uploads\/2021\/08\/8-1.jpg\" class=\"envira-gallery-1578 envira-gallery-link\" rel=\"enviragallery1578\" title=\"8\" data-envira-caption=\"8\" data-envira-retina=\"\" data-thumbnail=\"\"  itemprop=\"contentUrl\"><img decoding=\"async\" id=\"envira-gallery-image-1573\" class=\"envira-gallery-image envira-gallery-image-8 envira-normal envira-lazy\" data-envira-index=\"8\" src=\"http:\/\/geriano.sk\/wp-content\/uploads\/2021\/08\/8-1-640x480.jpg\" data-envira-src=\"http:\/\/geriano.sk\/wp-content\/uploads\/2021\/08\/8-1-640x480.jpg\" data-envira-gallery-id=\"1578\" data-envira-item-id=\"1573\" data-envira-caption=\"8\" alt=\"\" title=\"8\"  itemprop=\"thumbnailUrl\" data-envira-srcset=\"http:\/\/geriano.sk\/wp-content\/uploads\/2021\/08\/8-1-640x480.jpg 400w,http:\/\/geriano.sk\/wp-content\/uploads\/2021\/08\/8-1-640x480.jpg 2x\" data-envira-width=\"225\" data-envira-height=\"300\" srcset=\"data:image\/gif;base64,R0lGODlhAQABAIAAAP\/\/\/\/\/\/\/yH5BAEKAAEALAAAAAABAAEAAAICTAEAOw==\" data-safe-src=\"data:image\/gif;base64,R0lGODlhAQABAIAAAP\/\/\/\/\/\/\/yH5BAEKAAEALAAAAAABAAEAAAICTAEAOw==\" \/><\/a><\/div><\/div><div id=\"envira-gallery-item-1589\" class=\"envira-gallery-item enviratope-item envira-gallery-item-9 envira-lazy-load\" style=\"padding-left: 1px; padding-bottom: 1px; padding-right: 1px;\"  itemscope itemtype=\"https:\/\/schema.org\/ImageObject\"><div class=\"envira-gallery-item-inner\"><div class=\"envira-gallery-position-overlay  envira-gallery-top-left\"><\/div><div class=\"envira-gallery-position-overlay  envira-gallery-top-right\"><\/div><div class=\"envira-gallery-position-overlay  envira-gallery-bottom-left\"><\/div><div class=\"envira-gallery-position-overlay  envira-gallery-bottom-right\"><\/div><a href=\"http:\/\/geriano.sk\/wp-content\/uploads\/2021\/08\/PSK-logo-velke.jpg\" class=\"envira-gallery-1578 envira-gallery-link\" rel=\"enviragallery1578\" title=\"PSK logo ve\u013eke\" data-envira-caption=\"PSK logo ve\u013eke\" data-envira-retina=\"\" data-thumbnail=\"\"  itemprop=\"contentUrl\"><img decoding=\"async\" id=\"envira-gallery-image-1589\" class=\"envira-gallery-image envira-gallery-image-9 envira-normal envira-lazy\" data-envira-index=\"9\" src=\"http:\/\/geriano.sk\/wp-content\/uploads\/2021\/08\/PSK-logo-velke-640x480.jpg\" data-envira-src=\"http:\/\/geriano.sk\/wp-content\/uploads\/2021\/08\/PSK-logo-velke-640x480.jpg\" data-envira-gallery-id=\"1578\" data-envira-item-id=\"1589\" data-envira-caption=\"PSK logo ve\u013eke\" alt=\"\" title=\"PSK logo ve\u013eke\"  itemprop=\"thumbnailUrl\" data-envira-srcset=\"http:\/\/geriano.sk\/wp-content\/uploads\/2021\/08\/PSK-logo-velke-640x480.jpg 400w,http:\/\/geriano.sk\/wp-content\/uploads\/2021\/08\/PSK-logo-velke-640x480.jpg 2x\" data-envira-width=\"300\" data-envira-height=\"221\" srcset=\"data:image\/gif;base64,R0lGODlhAQABAIAAAP\/\/\/\/\/\/\/yH5BAEKAAEALAAAAAABAAEAAAICTAEAOw==\" data-safe-src=\"data:image\/gif;base64,R0lGODlhAQABAIAAAP\/\/\/\/\/\/\/yH5BAEKAAEALAAAAAABAAEAAAICTAEAOw==\" \/><\/a><\/div><\/div><\/div><\/div><noscript><img decoding=\"async\" src=\"http:\/\/geriano.sk\/wp-content\/uploads\/2021\/08\/1-1.jpg\" alt=\"\" \/><img decoding=\"async\" src=\"http:\/\/geriano.sk\/wp-content\/uploads\/2021\/08\/3-1.jpg\" alt=\"\" \/><img decoding=\"async\" src=\"http:\/\/geriano.sk\/wp-content\/uploads\/2021\/08\/10-1.jpg\" alt=\"\" \/><img decoding=\"async\" src=\"http:\/\/geriano.sk\/wp-content\/uploads\/2021\/08\/12-1.jpg\" alt=\"\" \/><img decoding=\"async\" src=\"http:\/\/geriano.sk\/wp-content\/uploads\/2021\/08\/4-1.jpg\" alt=\"\" \/><img decoding=\"async\" src=\"http:\/\/geriano.sk\/wp-content\/uploads\/2021\/08\/5-1.jpg\" alt=\"\" \/><img decoding=\"async\" src=\"http:\/\/geriano.sk\/wp-content\/uploads\/2021\/08\/7-1.jpg\" alt=\"\" \/><img decoding=\"async\" src=\"http:\/\/geriano.sk\/wp-content\/uploads\/2021\/08\/8-1.jpg\" alt=\"\" \/><img decoding=\"async\" src=\"http:\/\/geriano.sk\/wp-content\/uploads\/2021\/08\/PSK-logo-velke.jpg\" alt=\"\" \/><\/noscript><\/div>\n\n\n\n<p><\/p>\n\n\n\n<p><\/p>\n","protected":false},"excerpt":{"rendered":"<p>N\u00e1kup gastro zariadenia &#8211; \u00da PSK \u010d.1304\/2021\/OPR &#8211; \u201eProjekt je podporen\u00fd z rozpo\u010dtu PSK\u201c.<\/p>\n","protected":false},"author":1,"featured_media":0,"parent":0,"menu_order":0,"comment_status":"closed","ping_status":"closed","template":"","meta":{"footnotes":""},"class_list":["post-1579","page","type-page","status-publish","hentry"],"_links":{"self":[{"href":"http:\/\/geriano.sk\/index.php?rest_route=\/wp\/v2\/pages\/1579","targetHints":{"allow":["GET"]}}],"collection":[{"href":"http:\/\/geriano.sk\/index.php?rest_route=\/wp\/v2\/pages"}],"about":[{"href":"http:\/\/geriano.sk\/index.php?rest_route=\/wp\/v2\/types\/page"}],"author":[{"embeddable":true,"href":"http:\/\/geriano.sk\/index.php?rest_route=\/wp\/v2\/users\/1"}],"replies":[{"embeddable":true,"href":"http:\/\/geriano.sk\/index.php?rest_route=%2Fwp%2Fv2%2Fcomments&post=1579"}],"version-history":[{"count":6,"href":"http:\/\/geriano.sk\/index.php?rest_route=\/wp\/v2\/pages\/1579\/revisions"}],"predecessor-version":[{"id":2936,"href":"http:\/\/geriano.sk\/index.php?rest_route=\/wp\/v2\/pages\/1579\/revisions\/2936"}],"wp:attachment":[{"href":"http:\/\/geriano.sk\/index.php?rest_route=%2Fwp%2Fv2%2Fmedia&parent=1579"}],"curies":[{"name":"wp","href":"https:\/\/api.w.org\/{rel}","templated":true}]}}