{"id":1563,"date":"2021-08-29T17:29:21","date_gmt":"2021-08-29T15:29:21","guid":{"rendered":"http:\/\/geriano.sk\/?page_id=1563"},"modified":"2023-01-11T13:31:11","modified_gmt":"2023-01-11T12:31:11","slug":"projekty-podporene-z-rozpoctu-psk","status":"publish","type":"page","link":"http:\/\/geriano.sk\/?page_id=1563","title":{"rendered":"Projekty podporen\u00e9 z rozpo\u010dtu PSK"},"content":{"rendered":"\n<p><strong>Bezpe\u010dnostn\u00fd kamerov\u00fd system a\u00a0videovr\u00e1tnik<\/strong> &#8211; <strong>ZMLUVA \u010d. 722\/2022\/OPR o\u00a0poskytnut\u00ed dot\u00e1cie<\/strong> &#8211;<strong>\u201eProjekt podporen\u00fd z\u00a0rozpo\u010dtu PSK\u201c.<\/strong><\/p>\n\n\n\n<p><strong>N\u00e1kup gastro zariadenia \u2013 \u00da PSK \u010d.1304\/2021\/OPR \u2013 \u201eProjekt je podporen\u00fd z rozpo\u010dtu PSK\u201c.<\/strong><\/p>\n\n\n\n<p><strong><em>ODDYCHOV\u00c1 Z\u00d3NA \u2013 \u00da PSK \u010d. 6552019OS \u2013 \u201eProjekt podporen\u00fd z rozpo\u010dtu PSK\u201c.<\/em><\/strong><\/p>\n\n\n\n<p><canvas width=\"708\" height=\"1000\"><\/p>\n","protected":false},"excerpt":{"rendered":"<p>Bezpe\u010dnostn\u00fd kamerov\u00fd system a\u00a0videovr\u00e1tnik &#8211; ZMLUVA \u010d. 722\/2022\/OPR o\u00a0poskytnut\u00ed dot\u00e1cie &#8211;\u201eProjekt podporen\u00fd z\u00a0rozpo\u010dtu PSK\u201c. N\u00e1kup gastro zariadenia \u2013 \u00da PSK[&#8230;]<\/p>\n","protected":false},"author":1,"featured_media":0,"parent":0,"menu_order":0,"comment_status":"closed","ping_status":"closed","template":"","meta":{"footnotes":""},"class_list":["post-1563","page","type-page","status-publish","hentry"],"_links":{"self":[{"href":"http:\/\/geriano.sk\/index.php?rest_route=\/wp\/v2\/pages\/1563","targetHints":{"allow":["GET"]}}],"collection":[{"href":"http:\/\/geriano.sk\/index.php?rest_route=\/wp\/v2\/pages"}],"about":[{"href":"http:\/\/geriano.sk\/index.php?rest_route=\/wp\/v2\/types\/page"}],"author":[{"embeddable":true,"href":"http:\/\/geriano.sk\/index.php?rest_route=\/wp\/v2\/users\/1"}],"replies":[{"embeddable":true,"href":"http:\/\/geriano.sk\/index.php?rest_route=%2Fwp%2Fv2%2Fcomments&post=1563"}],"version-history":[{"count":4,"href":"http:\/\/geriano.sk\/index.php?rest_route=\/wp\/v2\/pages\/1563\/revisions"}],"predecessor-version":[{"id":2447,"href":"http:\/\/geriano.sk\/index.php?rest_route=\/wp\/v2\/pages\/1563\/revisions\/2447"}],"wp:attachment":[{"href":"http:\/\/geriano.sk\/index.php?rest_route=%2Fwp%2Fv2%2Fmedia&parent=1563"}],"curies":[{"name":"wp","href":"https:\/\/api.w.org\/{rel}","templated":true}]}}