{"id":1424,"date":"2021-04-26T13:26:03","date_gmt":"2021-04-26T11:26:03","guid":{"rendered":"http:\/\/geriano.sk\/?page_id=1424"},"modified":"2021-04-26T13:26:03","modified_gmt":"2021-04-26T11:26:03","slug":"navstevny-poriadok","status":"publish","type":"page","link":"http:\/\/geriano.sk\/?page_id=1424","title":{"rendered":"N\u00e1v\u0161tevn\u00fd poriadok"},"content":{"rendered":"<a href=\"http:\/\/geriano.sk\/wp-content\/uploads\/2021\/04\/Navstevny-poriadok-Plan-a-rezim-navstev-Geria-n.o..pdf\" class=\"pdfemb-viewer\" style=\"\" data-width=\"max\" data-height=\"max\" data-toolbar=\"bottom\" data-toolbar-fixed=\"off\">Navstevny-poriadok-Plan-a-rezim-navstev-Geria-n.o.<\/a>\n<p class=\"wp-block-pdfemb-pdf-embedder-viewer\"><\/p>\n","protected":false},"excerpt":{"rendered":"","protected":false},"author":1,"featured_media":0,"parent":0,"menu_order":0,"comment_status":"closed","ping_status":"closed","template":"","meta":{"footnotes":""},"class_list":["post-1424","page","type-page","status-publish","hentry"],"_links":{"self":[{"href":"http:\/\/geriano.sk\/index.php?rest_route=\/wp\/v2\/pages\/1424","targetHints":{"allow":["GET"]}}],"collection":[{"href":"http:\/\/geriano.sk\/index.php?rest_route=\/wp\/v2\/pages"}],"about":[{"href":"http:\/\/geriano.sk\/index.php?rest_route=\/wp\/v2\/types\/page"}],"author":[{"embeddable":true,"href":"http:\/\/geriano.sk\/index.php?rest_route=\/wp\/v2\/users\/1"}],"replies":[{"embeddable":true,"href":"http:\/\/geriano.sk\/index.php?rest_route=%2Fwp%2Fv2%2Fcomments&post=1424"}],"version-history":[{"count":1,"href":"http:\/\/geriano.sk\/index.php?rest_route=\/wp\/v2\/pages\/1424\/revisions"}],"predecessor-version":[{"id":1425,"href":"http:\/\/geriano.sk\/index.php?rest_route=\/wp\/v2\/pages\/1424\/revisions\/1425"}],"wp:attachment":[{"href":"http:\/\/geriano.sk\/index.php?rest_route=%2Fwp%2Fv2%2Fmedia&parent=1424"}],"curies":[{"name":"wp","href":"https:\/\/api.w.org\/{rel}","templated":true}]}}