{"id":140,"date":"2018-01-18T23:24:27","date_gmt":"2018-01-18T22:24:27","guid":{"rendered":"http:\/\/geriano.sk\/?page_id=140"},"modified":"2026-02-05T14:50:28","modified_gmt":"2026-02-05T13:50:28","slug":"postupy","status":"publish","type":"page","link":"http:\/\/geriano.sk\/?page_id=140","title":{"rendered":"Postupy"},"content":{"rendered":"<p><strong>Postup ob\u010dana, ktor\u00fd m\u00e1 z\u00e1ujem o poskytovanie soci\u00e1lnej slu\u017eby v zariaden\u00ed pre seniorov.<\/strong><\/p>\n<p>Vybavenie integrovan\u00e9ho posudku (od 1.9.2025) zah\u0155\u0148a podanie \u017eiadosti na \u00farade pr\u00e1ce (\u00daPSVaR) pod\u013ea trval\u00e9ho bydliska, vyplnenie sebahodnotiaceho dotazn\u00edka, n\u00e1v\u0161tevu soci\u00e1lneho pracovn\u00edka v dom\u00e1cnosti a lek\u00e1rske pos\u00fadenie zdravotn\u00e9ho stavu. Tento spolo\u010dn\u00fd posudok nahr\u00e1dza oddelen\u00e9 konania pre Z\u0164P preukazy a soci\u00e1lne slu\u017eby, \u010d\u00edm zjednodu\u0161uje proces.<\/p>\n<p><strong>Postup pri vybavovan\u00ed:<\/strong><\/p>\n<ol>\n<li><strong>Podanie \u017eiadosti:<\/strong>P\u00edsomn\u00e1 \u017eiados\u0165 o integrovan\u00fd posudok sa pod\u00e1va na \u00farade pr\u00e1ce, soci\u00e1lnych vec\u00ed a rodiny (\u00daPSVaR) pod\u013ea miesta trval\u00e9ho bydliska.<\/li>\n<li><strong>Doklady:<\/strong>K \u017eiadosti je potrebn\u00e9 prilo\u017ei\u0165 aktu\u00e1lnu zdravotn\u00fa dokument\u00e1ciu (lek\u00e1rske n\u00e1lezy, spr\u00e1vy, nie star\u0161ie ako 6 mesiacov).<\/li>\n<li><strong>Sebahodnotiaci dotazn\u00edk:<\/strong>Vypln\u00ed sa dotazn\u00edk (pre dospel\u00e9ho), ktor\u00fd opisuje mieru \u0165a\u017ekost\u00ed pri sebaobsluhe a ka\u017edodenn\u00fdch \u010dinnostiach.<\/li>\n<li><strong>Soci\u00e1lna posudkov\u00e1 \u010dinnos\u0165:<\/strong>Soci\u00e1lny pracovn\u00edk nav\u0161t\u00edvi \u017eiadate\u013ea v dom\u00e1cnosti, aby pos\u00fadil re\u00e1lne podmienky a soci\u00e1lne prostredie.<\/li>\n<li><strong>Lek\u00e1rska posudkov\u00e1 \u010dinnos\u0165:<\/strong>Posudkov\u00fd lek\u00e1r na z\u00e1klade podkladov a soci\u00e1lneho \u0161etrenia zhodnot\u00ed funk\u010dn\u00e9 d\u00f4sledky zdravotn\u00e9ho postihnutia.<\/li>\n<li><strong>Vydanie posudku:<\/strong>V\u00fdsledkom je integrovan\u00fd posudok, ktor\u00fd sl\u00fa\u017ei ako podklad pre priznanie pe\u0148a\u017en\u00fdch pr\u00edspevkov na kompenz\u00e1ciu \u0165a\u017ek\u00e9ho zdravotn\u00e9ho postihnutia (\u0164ZP), preukazov Z\u0164P\/Z\u0164P-S\/parkovacieho preukazu, <strong>alebo na pos\u00fadenie odk\u00e1zanosti na soci\u00e1lnu slu\u017ebu.\u00a0<\/strong><\/li>\n<\/ol>\n<p>Lehota na rozhodnutie o pr\u00edspevku je \u0161tandardne do 60 dn\u00ed.<\/p>\n<p><strong>Ak budete potrebova\u0165 pomoc pri vybavovan\u00ed \u017eiadost\u00ed, radi V\u00e1m\u00a0 pom\u00f4\u017eeme.<\/strong><\/p>\n<p><strong>Zoznam dokladov pri pr\u00edjme prij\u00edmate\u013ea do zariadenia:<\/strong><\/p>\n<ul>\n<li>vydan\u00fd Integrovan\u00fd posudok<\/li>\n<li>\u010destn\u00e9 vyhl\u00e1senie o pr\u00edjmov\u00fdch a majetkov\u00fdch pomeroch \u2013 overen\u00e9 na obecnom alebo mestskom \u00farade,<\/li>\n<li>potvrdenie o v\u00fd\u0161ke pr\u00edjmu \u2013 aktu\u00e1lne rozhodnutie o druhu a v\u00fd\u0161ke poberan\u00e9ho d\u00f4chodku zo soci\u00e1lnej pois\u0165ovne,<\/li>\n<li>ob\u010diansky preukaz,<\/li>\n<li>zdravotn\u00fa dokument\u00e1ciu,<\/li>\n<li>zdravotn\u00fd preukaz poistenca<\/li>\n<\/ul>\n","protected":false},"excerpt":{"rendered":"<p>Postup ob\u010dana, ktor\u00fd m\u00e1 z\u00e1ujem o poskytovanie soci\u00e1lnej slu\u017eby v zariaden\u00ed pre seniorov. Vybavenie integrovan\u00e9ho posudku (od 1.9.2025) zah\u0155\u0148a podanie[&#8230;]<\/p>\n","protected":false},"author":1,"featured_media":0,"parent":0,"menu_order":0,"comment_status":"closed","ping_status":"closed","template":"","meta":{"footnotes":""},"class_list":["post-140","page","type-page","status-publish","hentry"],"_links":{"self":[{"href":"http:\/\/geriano.sk\/index.php?rest_route=\/wp\/v2\/pages\/140","targetHints":{"allow":["GET"]}}],"collection":[{"href":"http:\/\/geriano.sk\/index.php?rest_route=\/wp\/v2\/pages"}],"about":[{"href":"http:\/\/geriano.sk\/index.php?rest_route=\/wp\/v2\/types\/page"}],"author":[{"embeddable":true,"href":"http:\/\/geriano.sk\/index.php?rest_route=\/wp\/v2\/users\/1"}],"replies":[{"embeddable":true,"href":"http:\/\/geriano.sk\/index.php?rest_route=%2Fwp%2Fv2%2Fcomments&post=140"}],"version-history":[{"count":6,"href":"http:\/\/geriano.sk\/index.php?rest_route=\/wp\/v2\/pages\/140\/revisions"}],"predecessor-version":[{"id":3265,"href":"http:\/\/geriano.sk\/index.php?rest_route=\/wp\/v2\/pages\/140\/revisions\/3265"}],"wp:attachment":[{"href":"http:\/\/geriano.sk\/index.php?rest_route=%2Fwp%2Fv2%2Fmedia&parent=140"}],"curies":[{"name":"wp","href":"https:\/\/api.w.org\/{rel}","templated":true}]}}