{"id":137,"date":"2018-01-18T23:24:27","date_gmt":"2018-01-18T22:24:27","guid":{"rendered":"http:\/\/geriano.sk\/?page_id=137"},"modified":"2018-01-18T23:29:13","modified_gmt":"2018-01-18T22:29:13","slug":"sluzby","status":"publish","type":"page","link":"http:\/\/geriano.sk\/?page_id=137","title":{"rendered":"Slu\u017eby"},"content":{"rendered":"<p style=\"text-align: left;\">V zariaden\u00ed pre seniorov sa poskytuje soci\u00e1lna slu\u017eba fyzickej osobe, ktor\u00e1 dov\u0155\u0161ila d\u00f4chodkov\u00fd vek a je odk\u00e1zan\u00e1 na pomoc inej fyzickej osoby a jej stupe\u0148 odk\u00e1zanosti je najmenej IV pod\u013ea pr\u00edlohy \u010d. 3, alebo fyzickej osobe, ktor\u00e1 dov\u0155\u0161ila d\u00f4chodkov\u00fd vek a poskytovanie soci\u00e1lnej slu\u017eby v tomto zariaden\u00ed potrebuje z in\u00fdch v\u00e1\u017enych d\u00f4vodov.<\/p>\n<p style=\"text-align: left;\">Forma poskytovania soci\u00e1lnych slu\u017eieb: celoro\u010dn\u00e1 pobytov\u00e1<\/p>\n<p style=\"text-align: left;\">ZpS poskytuje tieto druhy slu\u017eieb:<\/p>\n<ol style=\"text-align: left;\">\n<li>odborn\u00e9 \u010dinnosti<\/li>\n<li>obslu\u017en\u00e9 \u010dinnosti<\/li>\n<li>\u010fal\u0161ie \u010dinnosti<\/li>\n<\/ol>\n<p style=\"text-align: left;\">\n<ol style=\"text-align: left;\">\n<li><strong> odborn\u00e9 \u010dinnosti <\/strong><\/li>\n<\/ol>\n<ul style=\"text-align: left;\">\n<li><strong> soci\u00e1lne poradenstvo <\/strong><\/li>\n<\/ul>\n<p style=\"text-align: left;\">Soci\u00e1lne poradenstvo je odborn\u00e1 \u010dinnos\u0165 zameran\u00e1 na pomoc fyzickej osobe v nepriaznivej soci\u00e1lnej situ\u00e1cii, ktor\u00e1 sa vykon\u00e1va na \u00farovni z\u00e1kladn\u00e9ho soci\u00e1lneho poradenstva alebo \u0161pecializovan\u00e9ho soci\u00e1lneho poradenstva. V ZpS realizujeme z\u00e1kladn\u00e9 soci\u00e1lne poradenstvo, ktor\u00e9 spo\u010d\u00edva na pos\u00faden\u00ed povahy probl\u00e9mu fyzickej osoby, poskytnutie z\u00e1kladn\u00fdch inform\u00e1ci\u00ed o mo\u017enostiach rie\u0161enia probl\u00e9mu a pod\u013ea potreby aj odpor\u00fa\u010danie a sprostredkovanie \u010fal\u0161ej odbornej pomoci.<\/p>\n<ul style=\"text-align: left;\">\n<li>pomoc pri odk\u00e1zanosti fyzickej osoby na pomoc inej fyzickej osoby pod\u013ea pr\u00edlohy \u010d. 3 z\u00e1kona \u010d. 448\/2008 Z.z. o soci\u00e1lnych slu\u017eb\u00e1ch<\/li>\n<li><strong> pomoc pri uplat\u0148ovan\u00ed pr\u00e1v a pr\u00e1vom chr\u00e1nen\u00fdch z\u00e1ujmov <\/strong><\/li>\n<\/ul>\n<p style=\"text-align: left;\">Odborn\u00e1 \u010dinnos\u0165, ktor\u00e1 sa vykon\u00e1va s p\u00edsomn\u00fdm s\u00fahlasom plnoletej fyzickej osoby a je zameran\u00e1 najm\u00e4 na poradenstvo pri vybavovan\u00ed \u00faradn\u00fdch z\u00e1le\u017eitost\u00ed, pomoc pri vybavovan\u00ed osobn\u00fdch dokladov, pri spisovan\u00ed a pod\u00e1van\u00ed p\u00edsomn\u00fdch podan\u00ed, vypisovan\u00ed tla\u010d\u00edv, pri p\u00edsomnej komunik\u00e1cii v \u00faradnom styku a vybavovan\u00ed in\u00fdch vec\u00ed v z\u00e1ujme fyzickej osoby.<\/p>\n<ul style=\"text-align: left;\">\n<li><strong> soci\u00e1lna rehabilit\u00e1cia <\/strong><\/li>\n<\/ul>\n<p style=\"text-align: left;\">Odborn\u00e1 \u010dinnos\u0165 na podporu samostatnosti, nez\u00e1vislosti, sebesta\u010dnosti fyzickej osoby rozvojom a n\u00e1cvikom zru\u010dnost\u00ed alebo aktivizovan\u00edm schopnost\u00ed a posil\u0148ovan\u00edm n\u00e1vykov pri sebaobsluhe a pri z\u00e1kladn\u00fdch soci\u00e1lnych aktivit\u00e1ch. Vykon\u00e1va sa pri ka\u017edodennom kontakte s klientom, pri jednotliv\u00fdch \u00fakonoch starostlivosti o neho a za jeho \u00fa\u010dasti.<\/p>\n<ul style=\"text-align: left;\">\n<li><strong> o\u0161etrovate\u013esk\u00e1 starostlivos\u0165 <\/strong><\/li>\n<\/ul>\n<p style=\"text-align: left;\">O\u0161etrovate\u013esk\u00e1 opatrovate\u013esk\u00e1 starostlivos\u0165 Zariadenie poskytuje 24 \u2013 hodinov\u00fa o\u0161etrovate\u013esk\u00fa a opatrovate\u013esk\u00fa starostlivos\u0165, ktor\u00fa zabezpe\u010duje odborne vzdelan\u00fd person\u00e1l. Prij\u00edmatelia soci\u00e1lnych slu\u017eieb maj\u00fa zabezpe\u010den\u00fa pravideln\u00fa zdravotn\u00fa \u00a0starostlivos\u0165 priamo v zariaden\u00ed prostredn\u00edctvom n\u00e1v\u0161tev\u00a0 v\u0161eobecn\u00e9ho lek\u00e1ra.<\/p>\n<ol style=\"text-align: left;\" start=\"2\">\n<li><strong> Obslu\u017en\u00e9 \u010dinnosti<\/strong><\/li>\n<\/ol>\n<ul style=\"text-align: left;\">\n<li><strong> ubytovanie <\/strong><\/li>\n<\/ul>\n<p style=\"text-align: left;\">Klienti bud\u00fa ubytovan\u00ed v jednol\u00f4\u017ekov\u00fdch , dvojl\u00f4\u017ekov\u00fdch a trojl\u00f4\u017ekov\u00fdch izb\u00e1ch kde maj\u00fa svoje s\u00fakromie a pokoj.<\/p>\n<p style=\"text-align: left;\">Z\u00e1kladn\u00e9 vybavenie izieb je nasleduj\u00face: st\u00e1le l\u00f4\u017eko pre ubytovan\u00e9ho, no\u010dn\u00fd stol\u00edk, , stoli\u010dka, dvojdieln\u00e1 skri\u0148a uzamykate\u013en\u00e1, lampa, poli\u010dka, , ve\u0161iak, na ka\u017edej izbe um\u00fdvadlo s pr\u00edvodom teplej a studenej vody ,zrkadlo.<\/p>\n<ul style=\"text-align: left;\">\n<li><strong> stravovanie <\/strong><\/li>\n<\/ul>\n<p style=\"text-align: left;\">Stravovanie je poskytovanie stravy v s\u00falade so z\u00e1sadami spr\u00e1vnej v\u00fd\u017eivy a s prihliadnut\u00edm na vek a zdravotn\u00fd stav fyzick\u00fdch os\u00f4b pod\u013ea stravn\u00fdch jednotiek. Strava bude zabezpe\u010dovan\u00e1 vlastnou kuchy\u0148ou. Jedlo sa pod\u00e1va v jed\u00e1lni. Do izieb sa jedlo pod\u00e1va t\u00fdm prij\u00edmate\u013eom, ktor\u00ed s\u00fa prip\u00fatan\u00ed na l\u00f4\u017eko, alebo z in\u00fdch d\u00f4vodov nem\u00f4\u017eu stolova\u0165 v jed\u00e1lni. Strava sa\u00a0 pripravuje pod\u013ea jed\u00e1lneho l\u00edstka, ktor\u00fd zostavuje stravovacia komisia a schva\u013euje riadite\u013eka zariadenia. \u010clenmi komisie s\u00fa aj z\u00e1stupcovia prij\u00edmate\u013eov soci\u00e1lnych slu\u017eieb. Di\u00e9tna strava sa pod\u00e1va na odporu\u010denie lek\u00e1ra, pr\u00edpadne na vlastn\u00e9 po\u017eiadanie. V zariaden\u00ed sa\u00a0 poskytuje racion\u00e1lna strava , \u0161etriaca strava , diabetick\u00e1 di\u00e9ta, strava s men\u0161\u00edm po\u010dtom m\u00e4sov\u00fdch jed\u00e1l, mlet\u00e1 a neslan\u00e1 strava.<\/p>\n<p style=\"text-align: left;\">\n<ul style=\"text-align: left;\">\n<li><strong> upratovanie\u00a0\u00a0 \u2022 pranie\u00a0\u00a0 \u2022 \u017eehlenie a \u00fadr\u017eba bielizne a \u0161atstva <\/strong><\/li>\n<\/ul>\n<p style=\"text-align: left;\">Upratovanie sa \u00a0vykon\u00e1va denne, presne pod\u013ea schv\u00e1len\u00e9ho Dezinfek\u010dn\u00e9ho a sanita\u010dn\u00e9ho programu a prev\u00e1dzkov\u00e9ho poriadku zariadenia . Zariadenie disponuje vlastnou pr\u00e1\u010dov\u0148ou, ktor\u00e1 je vybaven\u00e1 pra\u010dkami a su\u0161i\u010dkou. O poste\u013en\u00fa bielize\u0148 a osobn\u00e9 \u0161atstvo na\u0161ich prij\u00edmate\u013eov sa tak budeme stara\u0165 priamo v na\u0161om zariaden\u00ed .Pranie \u010distenie a \u017eehlenie osobn\u00e9ho \u0161atstva, taktie\u017e oprava a za\u0161\u00edvanie potrebn\u00fdch veci .<\/p>\n<ol style=\"text-align: left;\" start=\"3\">\n<li><strong> \u010eal\u0161ie \u010dinnosti <\/strong><\/li>\n<\/ol>\n<ul style=\"text-align: left;\">\n<li><strong> z\u00e1ujmov\u00e1 \u010dinnos\u0165 <\/strong><\/li>\n<\/ul>\n<p style=\"text-align: left;\">Na\u0161\u00edm poslan\u00edm a hlavn\u00fdm cie\u013eom je zmysluplne, s oh\u013eadom na vek, postihnutie, potreby a z\u00e1ujmy prij\u00edmate\u013eov nap\u013a\u0148a\u0165 a organizova\u0165 ich vo\u013en\u00fd \u010das, formova\u0165 ich spr\u00e1vanie, roz\u0161irova\u0165 okruh poznatkov o okolitom svete. Organizova\u0165 r\u00f4zne podujatia, kult\u00farne, \u010di \u0161portov\u00e9 aktivity. Organizova\u0165 r\u00f4zne akcie spojen\u00e9 s vyst\u00fapen\u00edm det\u00ed z\u00e1kladnej alebo materskej \u0161koly, posedenia spojen\u00e9 s hudbou, spevom a tancom, komunitn\u00e9 stretnutia v spolupr\u00e1ci s obcou jednod\u0148ov\u00e9 v\u00fdlety , v lete posedenia spojen\u00e9 s opekan\u00edm , varenie gul\u00e1\u0161u a in\u00e9 aktivity. Oslavy jubilantov ,fa\u0161iangov\u00e1 z\u00e1bava, Mikul\u00e1\u0161ske posedenia, \u0161tedrove\u010dern\u00e1 ve\u010dera s\u00a0poseden\u00edm, ekumenick\u00e9 dopoludnia ,prvopiatkov\u00e9 spovede .Taktie\u017e da\u0165 prij\u00edmate\u013eom\u00a0 mo\u017enos\u0165 v\u00fdberu aktiv\u00edt z t\u00fd\u017edenn\u00e9ho programu \u010dinnost\u00ed, ktor\u00fd pon\u00faka: \u0161portov\u00e9 aktivity, ru\u010dn\u00e9 pr\u00e1ce, biblick\u00fd kr\u00fa\u017eok, dopoludnie pri k\u00e1ve spojen\u00e9 s po\u010d\u00favan\u00edm hudby, sledovan\u00edm vybrat\u00fdch filmov alebo \u010d\u00edtan\u00edm nov\u00edn a \u010dasopisov. Z\u00e1ujmov\u00e1 \u010dinnos\u0165 vych\u00e1dza zo z\u00e1ujmov a z\u00e1\u013eub prij\u00edmate\u013eov zariadenia pre seniorov. Tieto \u010dinnosti s\u00fa vykon\u00e1van\u00e9 pravidelne priamo v zariaden\u00ed v priestoroch na to ur\u010den\u00fdch.<\/p>\n<p style=\"text-align: left;\">\u2013pre \u010diasto\u010dne imobiln\u00fdch alebo imobiln\u00fdch (polohovate\u013en\u00e9 postele, antidekubitn\u00e9 podlo\u017eky a matrace, chod\u00edtka, sprchovacia stoli\u010dka, zdv\u00edhacie zariadenie na manipul\u00e1ciu a pomoc pri celkovej hygiene imobiln\u00fdch prij\u00edmate\u013eov)<\/p>\n<ul style=\"text-align: left;\">\n<li>manik\u00fara, pedik\u00fara,<\/li>\n<\/ul>\n<p style=\"text-align: left;\">\u2013\u00a0\u00a0\u00a0\u00a0\u00a0\u00a0\u00a0\u00a0\u00a0 mas\u00e1\u017ee,<\/p>\n<p style=\"text-align: left;\">\u2013\u00a0\u00a0\u00a0\u00a0\u00a0\u00a0\u00a0\u00a0\u00a0 kult\u00farne podujatia v zariaden\u00ed i mimo zariadenia, v\u00fdlety,<\/p>\n<p style=\"text-align: left;\">\u2013\u00a0\u00a0\u00a0\u00a0\u00a0\u00a0\u00a0\u00a0\u00a0 kadern\u00edcke slu\u017eby,<\/p>\n<p style=\"text-align: left;\">\u2013\u00a0\u00a0\u00a0\u00a0\u00a0\u00a0\u00a0\u00a0\u00a0 pr\u00edstup k aktu\u00e1lnym periodik\u00e1m (denn\u00e1 tla\u010d),<\/p>\n<p style=\"text-align: left;\">\u2013\u00a0\u00a0\u00a0\u00a0\u00a0\u00a0\u00a0\u00a0\u00a0 \u00faschova cenn\u00fdch vec\u00ed,<\/p>\n<p style=\"text-align: left;\">\u2013\u00a0\u00a0\u00a0\u00a0\u00a0\u00a0\u00a0\u00a0\u00a0 n\u00e1kupy pod\u013ea individu\u00e1lnej potreby prij\u00edmate\u013ea.<\/p>\n<p style=\"text-align: left;\">\n<ul style=\"text-align: left;\">\n<li><strong> \u00daschova cenn\u00fdch vec\u00ed <\/strong><\/li>\n<\/ul>\n<p style=\"text-align: left;\">Ak klient pri n\u00e1stupe do zariadenia \u00a0, alebo po\u010das pobytu v \u0148om po\u017eiada o \u00faschovu cenn\u00fdch vec\u00ed, vkladnej kni\u017eky alebo pe\u0148a\u017enej hotovosti, zariadenie mu veci uschov\u00e1 na z\u00e1klade zmluvy o \u00faschove. Zmluvu je mo\u017en\u00e9 na po\u017eiadanie klienta kedyko\u013evek zru\u0161i\u0165. V pr\u00edpade \u00famrtia s\u00fa veci v \u00faschove predmetom dedi\u010dsk\u00e9ho konania.<\/p>\n","protected":false},"excerpt":{"rendered":"<p>V zariaden\u00ed pre seniorov sa poskytuje soci\u00e1lna slu\u017eba fyzickej osobe, ktor\u00e1 dov\u0155\u0161ila d\u00f4chodkov\u00fd vek a je odk\u00e1zan\u00e1 na pomoc inej[&#8230;]<\/p>\n","protected":false},"author":1,"featured_media":0,"parent":0,"menu_order":0,"comment_status":"closed","ping_status":"closed","template":"","meta":{"footnotes":""},"class_list":["post-137","page","type-page","status-publish","hentry"],"_links":{"self":[{"href":"http:\/\/geriano.sk\/index.php?rest_route=\/wp\/v2\/pages\/137","targetHints":{"allow":["GET"]}}],"collection":[{"href":"http:\/\/geriano.sk\/index.php?rest_route=\/wp\/v2\/pages"}],"about":[{"href":"http:\/\/geriano.sk\/index.php?rest_route=\/wp\/v2\/types\/page"}],"author":[{"embeddable":true,"href":"http:\/\/geriano.sk\/index.php?rest_route=\/wp\/v2\/users\/1"}],"replies":[{"embeddable":true,"href":"http:\/\/geriano.sk\/index.php?rest_route=%2Fwp%2Fv2%2Fcomments&post=137"}],"version-history":[{"count":2,"href":"http:\/\/geriano.sk\/index.php?rest_route=\/wp\/v2\/pages\/137\/revisions"}],"predecessor-version":[{"id":148,"href":"http:\/\/geriano.sk\/index.php?rest_route=\/wp\/v2\/pages\/137\/revisions\/148"}],"wp:attachment":[{"href":"http:\/\/geriano.sk\/index.php?rest_route=%2Fwp%2Fv2%2Fmedia&parent=137"}],"curies":[{"name":"wp","href":"https:\/\/api.w.org\/{rel}","templated":true}]}}